{"id":92,"date":"2022-04-01T10:52:36","date_gmt":"2022-04-01T10:52:36","guid":{"rendered":"http:\/\/greenly-demo.pbminfotech.com\/elementor-site7\/?page_id=10588"},"modified":"2024-04-15T08:25:09","modified_gmt":"2024-04-15T08:25:09","slug":"about-us","status":"publish","type":"page","link":"https:\/\/reflectionsolaire.com\/fr\/about-us\/","title":{"rendered":"\u00c0 propos de nous"},"content":{"rendered":"<div data-elementor-type=\"wp-page\" data-elementor-id=\"92\" class=\"elementor elementor-92\" data-elementor-post-type=\"page\">\n\t\t\t\t\t\t<section class=\"elementor-section elementor-top-section elementor-element elementor-element-2fae082 cspt-col-stretched-left cspt-bg-color-over-image elementor-section-boxed elementor-section-height-default elementor-section-height-default\" data-id=\"2fae082\" data-element_type=\"section\" data-settings=\"{&quot;background_background&quot;:&quot;classic&quot;}\">\n\t\t\t\t\t\t<div class=\"elementor-container elementor-column-gap-no\">\n\t\t\t\t\t<div class=\"elementor-column elementor-col-100 elementor-top-column elementor-element elementor-element-22c1ae6 cspt-bg-color-over-image\" data-id=\"22c1ae6\" data-element_type=\"column\" data-settings=\"{&quot;background_background&quot;:&quot;classic&quot;}\">\n\t\t\t<div class=\"elementor-widget-wrap elementor-element-populated\">\n\t\t\t\t\t\t<section class=\"elementor-section elementor-inner-section elementor-element elementor-element-c8290b8 cspt-col-stretched-none cspt-bg-color-over-image elementor-section-boxed elementor-section-height-default elementor-section-height-default\" data-id=\"c8290b8\" data-element_type=\"section\">\n\t\t\t\t\t\t<div class=\"elementor-container elementor-column-gap-default\">\n\t\t\t\t\t<div class=\"elementor-column elementor-col-50 elementor-inner-column elementor-element elementor-element-d4bce07 elementor-hidden-tablet elementor-hidden-mobile cspt-bg-color-over-image\" data-id=\"d4bce07\" data-element_type=\"column\">\n\t\t\t<div class=\"elementor-widget-wrap\">\n\t\t\t\t\t\t\t<\/div>\n\t\t<\/div>\n\t\t\t\t<div class=\"elementor-column elementor-col-50 elementor-inner-column elementor-element elementor-element-345d005 cspt-bg-color-yes cspt-elementor-bg-color-blackish cspt-text-color-white cspt-bg-color-over-image\" data-id=\"345d005\" data-element_type=\"column\">\n\t\t\t<div class=\"elementor-widget-wrap elementor-element-populated\">\n\t\t\t\t\t\t<div class=\"elementor-element elementor-element-5629b16 cspt-heading-style-1 cspt-align-left elementor-widget elementor-widget-cspt_heading\" data-id=\"5629b16\" data-element_type=\"widget\" data-widget_type=\"cspt_heading.default\">\n\t\t\t\t<div class=\"elementor-widget-container\">\n\t\t\t\t<div class=\"cspt-heading-subheading left-align cspt-reverse-heading-yes\"><h4 class=\"cspt-element-subtitle\">\r\n\t\t\t\r\n\t\t\t\tce que nous faisons\r\n\t\t\t\r\n\t\t\t<\/h4>\r\n\t\t<h2 class=\"cspt-element-title\">\r\n\t\t\t\r\n\t\t\t\tPromouvoir le d\u00e9veloppement<br>de l'\u00e9nergie solaire !\n\r\n\t\t\t\r\n\t\t\t<\/h2>\r\n\t\t<div class=\"cspt-heading-desc\">R\u00e9flexion Solaire, qui est en activit\u00e9 depuis plus d'un demi-si\u00e8cle et se sp\u00e9cialise dans l'ing\u00e9nierie, l'approvisionnement et la construction, a r\u00e9cemment \u00e9tendu ses activit\u00e9s pour inclure la fourniture de services li\u00e9s \u00e0 l'\u00e9nergie renouvelable et \u00e0 la distribution d'\u00e9lectricit\u00e9.<\/div><\/div>\t\t<\/div>\n\t\t\t\t<\/div>\n\t\t\t\t<div class=\"elementor-element elementor-element-76ba362 cspt-button-hoverbg cspt-btn-color-globalcolor cspt-btn-style-flat cspt-btn-shape-square elementor-widget elementor-widget-button\" data-id=\"76ba362\" data-element_type=\"widget\" data-widget_type=\"button.default\">\n\t\t\t\t<div class=\"elementor-widget-container\">\n\t\t\t\t\t<div class=\"elementor-button-wrapper\">\n\t\t\t<a class=\"elementor-button elementor-button-link elementor-size-md\" href=\"#\">\n\t\t\t\t\t\t<span class=\"elementor-button-content-wrapper\">\n\t\t\t\t\t\t<span class=\"elementor-button-text\">voir tout<\/span>\n\t\t<\/span>\n\t\t\t\t\t<\/a>\n\t\t<\/div>\n\t\t\t\t<\/div>\n\t\t\t\t<\/div>\n\t\t\t\t\t<\/div>\n\t\t<\/div>\n\t\t\t\t\t<\/div>\n\t\t<\/section>\n\t\t\t\t\t<\/div>\n\t\t<\/div>\n\t\t\t\t\t<\/div>\n\t\t<\/section>\n\t\t\t\t<section class=\"elementor-section elementor-top-section elementor-element elementor-element-3273639 cspt-col-stretched-none cspt-bg-color-over-image elementor-section-boxed elementor-section-height-default elementor-section-height-default\" data-id=\"3273639\" data-element_type=\"section\">\n\t\t\t\t\t\t<div class=\"elementor-container elementor-column-gap-no\">\n\t\t\t\t\t<div class=\"elementor-column elementor-col-50 elementor-top-column elementor-element elementor-element-a07375c cspt-bg-color-over-image\" data-id=\"a07375c\" data-element_type=\"column\">\n\t\t\t<div class=\"elementor-widget-wrap elementor-element-populated\">\n\t\t\t\t\t\t<div class=\"elementor-element elementor-element-5751d98 cspt-align-left elementor-widget elementor-widget-cspt_heading\" data-id=\"5751d98\" data-element_type=\"widget\" data-widget_type=\"cspt_heading.default\">\n\t\t\t\t<div class=\"elementor-widget-container\">\n\t\t\t\t<div class=\"cspt-heading-subheading left-align cspt-reverse-heading-yes\"><h4 class=\"cspt-element-subtitle\">\r\n\t\t\t\r\n\t\t\t\t\u00c0 propos de nous\r\n\t\t\t\r\n\t\t\t<\/h4>\r\n\t\t<h2 class=\"cspt-element-title\">\r\n\t\t\t\r\n\t\t\t\tReflexion Solaire SAAD\r\n\t\t\t\r\n\t\t\t<\/h2>\r\n\t\t<\/div>\t\t<\/div>\n\t\t\t\t<\/div>\n\t\t\t\t\t<\/div>\n\t\t<\/div>\n\t\t\t\t<div class=\"elementor-column elementor-col-50 elementor-top-column elementor-element elementor-element-303e8d8 cspt-bg-color-over-image\" data-id=\"303e8d8\" data-element_type=\"column\">\n\t\t\t<div class=\"elementor-widget-wrap elementor-element-populated\">\n\t\t\t\t\t\t<div class=\"elementor-element elementor-element-d974c57 elementor-widget elementor-widget-text-editor\" data-id=\"d974c57\" data-element_type=\"widget\" data-widget_type=\"text-editor.default\">\n\t\t\t\t<div class=\"elementor-widget-container\">\n\t\t\t\t\t\t\t<p class=\"text-dark text-justify lineh27 pabout\"><span style=\"color: #000000;\">R\u00e9flexion Solaire, qui est en activit\u00e9 depuis plus d'un demi-si\u00e8cle et se sp\u00e9cialise dans l'ing\u00e9nierie, l'approvisionnement et la construction, a r\u00e9cemment \u00e9tendu ses activit\u00e9s pour inclure la fourniture de services li\u00e9s \u00e0 l'\u00e9nergie renouvelable et \u00e0 la distribution d'\u00e9lectricit\u00e9.<\/span><\/p>\t\t\t\t\t\t<\/div>\n\t\t\t\t<\/div>\n\t\t\t\t<div class=\"elementor-element elementor-element-81b2177 elementor-widget elementor-widget-text-editor\" data-id=\"81b2177\" data-element_type=\"widget\" data-widget_type=\"text-editor.default\">\n\t\t\t\t<div class=\"elementor-widget-container\">\n\t\t\t\t\t\t\t<p>R\u00e9flexion Solaire met \u00e0 votre disposition ses ing\u00e9nieurs, 300 techniciens et 130 v\u00e9hicules qui ont \u00e9t\u00e9 rigoureusement form\u00e9s par des entreprises internationales telles que BUS, Kearney et EDF, entre autres. Vous pouvez produire votre propre \u00e9lectricit\u00e9 en utilisant la puissance du soleil et du vent avec l'aide de R\u00e9flexion Solaire. R\u00e9flexion Solaire fournit une solution compl\u00e8te, commen\u00e7ant par l'\u00e9tude et les conceptions, puis passant par l'installation, la mise en service et les processus de surveillance jusqu'\u00e0 ce que le comptage net soit atteint.<\/p>\t\t\t\t\t\t<\/div>\n\t\t\t\t<\/div>\n\t\t\t\t\t<\/div>\n\t\t<\/div>\n\t\t\t\t\t<\/div>\n\t\t<\/section>\n\t\t\t\t<section class=\"elementor-section elementor-top-section elementor-element elementor-element-6dcbc7e cspt-col-stretched-none cspt-bg-color-over-image elementor-section-boxed elementor-section-height-default elementor-section-height-default\" data-id=\"6dcbc7e\" data-element_type=\"section\">\n\t\t\t\t\t\t<div class=\"elementor-container elementor-column-gap-no\">\n\t\t\t\t\t<div class=\"elementor-column elementor-col-50 elementor-top-column elementor-element elementor-element-85bc1a8 cspt-bg-color-over-image\" data-id=\"85bc1a8\" data-element_type=\"column\">\n\t\t\t<div class=\"elementor-widget-wrap elementor-element-populated\">\n\t\t\t\t\t\t<div class=\"elementor-element elementor-element-b5a2d82 elementor-widget elementor-widget-text-editor\" data-id=\"b5a2d82\" data-element_type=\"widget\" data-widget_type=\"text-editor.default\">\n\t\t\t\t<div class=\"elementor-widget-container\">\n\t\t\t\t\t\t\t<h1 class=\"font-weight-bold mt-5\">Notre Vision<\/h1><p class=\"text-dark text-justify lineh27 pabout\"><span style=\"color: #333333;\">eflection Solaire croit que tout le monde a le droit de produire sa propre \u00e9nergie, que ce soit chez eux avec du solaire thermique pour chauffer leur eau, de l'\u00e9lectricit\u00e9 solaire ou \u00e9olienne pour l'\u00e9clairage ou pour alimenter leurs appareils, ou m\u00eame en d\u00e9placement avec des appareils utilisant des \u00e9nergies renouvelables pour recharger leurs appareils mobiles. Nous sommes heureux d'offrir \u00e0 nos clients la possibilit\u00e9 de g\u00e9rer leurs d\u00e9penses \u00e9nerg\u00e9tiques<\/span><\/p><p><span style=\"color: #333333;\">Toujours en pla\u00e7ant les besoins de nos clients au premier plan et en travaillant sans rel\u00e2che pour garantir leur satisfaction totale, nous avons l'intention de continuer \u00e0 innover avec le d\u00e9veloppement de nos solutions d'\u00e9nergie renouvelable, vous permettant de profiter d'une meilleure qualit\u00e9 de vie tout en contribuant \u00e0 la pr\u00e9servation d'une plan\u00e8te plus propre avec une empreinte carbone r\u00e9duite.<\/span><\/p>\t\t\t\t\t\t<\/div>\n\t\t\t\t<\/div>\n\t\t\t\t\t<\/div>\n\t\t<\/div>\n\t\t\t\t<div class=\"elementor-column elementor-col-50 elementor-top-column elementor-element elementor-element-2494622 cspt-bg-color-over-image\" data-id=\"2494622\" data-element_type=\"column\">\n\t\t\t<div class=\"elementor-widget-wrap elementor-element-populated\">\n\t\t\t\t\t\t<div class=\"elementor-element elementor-element-458595a elementor-widget elementor-widget-text-editor\" data-id=\"458595a\" data-element_type=\"widget\" data-widget_type=\"text-editor.default\">\n\t\t\t\t<div class=\"elementor-widget-container\">\n\t\t\t\t\t\t\t<h1 class=\"font-weight-bold mt-5\">Notre Mission<\/h1><p class=\"text-dark text-justify lineh27 pabout\"><span style=\"color: #333333;\">L'objectif de Reflection Solaire est de devenir une r\u00e9f\u00e9rence de premier plan dans l'industrie des solutions d'\u00e9nergie renouvelable et une ressource populaire pour la microg\u00e9n\u00e9ration d'\u00e9nergie propre et durable. En tant qu'int\u00e9grateur et distributeur d'\u00e9nergie renouvelable, nous visons \u00e0 fournir des produits et services de la plus haute qualit\u00e9, permettant ainsi \u00e0 nos clients d'\u00e9conomiser de l'argent gr\u00e2ce \u00e0 des co\u00fbts \u00e9nerg\u00e9tiques plus bas et en am\u00e9liorant l'image publique de nos efforts environnementaux.<\/span><\/p><ul><li><span style=\"color: #333333;\">D\u00e9velopper des solutions \u00e9nerg\u00e9tiques durables pour nos clients.<\/span><\/li><li><span style=\"color: #333333;\">Mettre l'accent sur la formation et le d\u00e9veloppement de l'expertise locale.<\/span><\/li><li><span style=\"color: #333333;\">Utiliser les technologies appropri\u00e9es de mani\u00e8re s\u00fbre, efficace et fiable.<\/span><\/li><\/ul>\t\t\t\t\t\t<\/div>\n\t\t\t\t<\/div>\n\t\t\t\t\t<\/div>\n\t\t<\/div>\n\t\t\t\t\t<\/div>\n\t\t<\/section>\n\t\t\t\t<\/div>","protected":false},"excerpt":{"rendered":"<p>what we do Fostering Growthof Solar Energy! Reflection Solaire, which has been in business for more than half a century and specialises in engineering, procurement, and contracting, recently expanded its operations to include the provision of services related to renewable energy and electricity distribution. view all About us Reflexion Solaire SAAD Reflection Solaire, which has been in business for more than half a century and specialises in engineering, procurement, and[&hellip;]<\/p>","protected":false},"author":1,"featured_media":0,"parent":0,"menu_order":13,"comment_status":"closed","ping_status":"closed","template":"","meta":{"_acf_changed":false,"footnotes":""},"class_list":["post-92","page","type-page","status-publish","hentry"],"acf":[],"_links":{"self":[{"href":"https:\/\/reflectionsolaire.com\/fr\/wp-json\/wp\/v2\/pages\/92"}],"collection":[{"href":"https:\/\/reflectionsolaire.com\/fr\/wp-json\/wp\/v2\/pages"}],"about":[{"href":"https:\/\/reflectionsolaire.com\/fr\/wp-json\/wp\/v2\/types\/page"}],"author":[{"embeddable":true,"href":"https:\/\/reflectionsolaire.com\/fr\/wp-json\/wp\/v2\/users\/1"}],"replies":[{"embeddable":true,"href":"https:\/\/reflectionsolaire.com\/fr\/wp-json\/wp\/v2\/comments?post=92"}],"version-history":[{"count":7,"href":"https:\/\/reflectionsolaire.com\/fr\/wp-json\/wp\/v2\/pages\/92\/revisions"}],"predecessor-version":[{"id":909,"href":"https:\/\/reflectionsolaire.com\/fr\/wp-json\/wp\/v2\/pages\/92\/revisions\/909"}],"wp:attachment":[{"href":"https:\/\/reflectionsolaire.com\/fr\/wp-json\/wp\/v2\/media?parent=92"}],"curies":[{"name":"wp","href":"https:\/\/api.w.org\/{rel}","templated":true}]}}