{"id":610,"date":"2024-04-13T05:52:22","date_gmt":"2024-04-13T05:52:22","guid":{"rendered":"https:\/\/reflection2.host-botics.net\/?page_id=610"},"modified":"2024-04-13T07:52:09","modified_gmt":"2024-04-13T07:52:09","slug":"solar-water-heater-150ml-and-200ml","status":"publish","type":"page","link":"https:\/\/reflectionsolaire.com\/fr\/solar-water-heater-150ml-and-200ml\/","title":{"rendered":"Chauffe-eau solaire 150L et 200L"},"content":{"rendered":"<div data-elementor-type=\"wp-page\" data-elementor-id=\"610\" class=\"elementor elementor-610\" data-elementor-post-type=\"page\">\n\t\t\t\t\t\t<section class=\"elementor-section elementor-top-section elementor-element elementor-element-deee6b4 cspt-col-stretched-none cspt-bg-color-over-image elementor-section-boxed elementor-section-height-default elementor-section-height-default\" data-id=\"deee6b4\" data-element_type=\"section\">\n\t\t\t\t\t\t<div class=\"elementor-container elementor-column-gap-default\">\n\t\t\t\t\t<div class=\"elementor-column elementor-col-100 elementor-top-column elementor-element elementor-element-2038efb cspt-bg-color-over-image\" data-id=\"2038efb\" data-element_type=\"column\">\n\t\t\t<div class=\"elementor-widget-wrap elementor-element-populated\">\n\t\t\t\t\t\t<div class=\"elementor-element elementor-element-ee6c7aa elementor-widget elementor-widget-spacer\" data-id=\"ee6c7aa\" data-element_type=\"widget\" data-widget_type=\"spacer.default\">\n\t\t\t\t<div class=\"elementor-widget-container\">\n\t\t\t\t\t<div class=\"elementor-spacer\">\n\t\t\t<div class=\"elementor-spacer-inner\"><\/div>\n\t\t<\/div>\n\t\t\t\t<\/div>\n\t\t\t\t<\/div>\n\t\t\t\t\t<\/div>\n\t\t<\/div>\n\t\t\t\t\t<\/div>\n\t\t<\/section>\n\t\t\t\t<section class=\"elementor-section elementor-top-section elementor-element elementor-element-b434931 cspt-col-stretched-none cspt-bg-color-over-image elementor-section-boxed elementor-section-height-default elementor-section-height-default\" data-id=\"b434931\" data-element_type=\"section\">\n\t\t\t\t\t\t<div class=\"elementor-container elementor-column-gap-default\">\n\t\t\t\t\t<div class=\"elementor-column elementor-col-50 elementor-top-column elementor-element elementor-element-7d1bde1 cspt-bg-color-over-image\" data-id=\"7d1bde1\" data-element_type=\"column\" data-settings=\"{&quot;background_background&quot;:&quot;classic&quot;}\">\n\t\t\t<div class=\"elementor-widget-wrap elementor-element-populated\">\n\t\t\t\t\t\t<div class=\"elementor-element elementor-element-ff55e83 elementor-widget elementor-widget-text-editor\" data-id=\"ff55e83\" data-element_type=\"widget\" data-widget_type=\"text-editor.default\">\n\t\t\t\t<div class=\"elementor-widget-container\">\n\t\t\t\t\t\t\t<h2 class=\"widget-title\">BESOIN D'AIDE<\/h2><div class=\"textwidget\"><div class=\"single-service-contact\"><div class=\"single-service-contact-inner\"><p>Nos gestionnaires de service client\u00e8le sont disponibles 24 heures sur 24, 7 jours sur 7, pour r\u00e9pondre \u00e0 vos questions ou soumettre une demande d'information commerciale en ligne.<\/p><div class=\"elementor-column elementor-col-33 elementor-inner-column elementor-element elementor-element-2cdbb9bd cspt-bg-color-over-image\" data-id=\"2cdbb9bd\" data-element_type=\"column\"><div class=\"elementor-widget-wrap elementor-element-populated\"><div class=\"elementor-element elementor-element-74e4e52a elementor-widget elementor-widget-cspt_icon_heading\" data-id=\"74e4e52a\" data-element_type=\"widget\" data-widget_type=\"cspt_icon_heading.default\"><div class=\"elementor-widget-container\"><div class=\"cspt-ihbox cspt-ihbox-style-2\"><div class=\"cspt-ihbox-box\"><div class=\"cspt-ihbox-headingicon d-flex\"><div class=\"cspt-ihbox-contents\"><div class=\"cspt-heading-desc\"><strong>+243893276604<\/strong><\/div><\/div><\/div><\/div><\/div><\/div><\/div><\/div><\/div><\/div><\/div><\/div>\t\t\t\t\t\t<\/div>\n\t\t\t\t<\/div>\n\t\t\t\t<div class=\"elementor-element elementor-element-733574a elementor-widget-divider--view-line elementor-widget elementor-widget-divider\" data-id=\"733574a\" data-element_type=\"widget\" data-widget_type=\"divider.default\">\n\t\t\t\t<div class=\"elementor-widget-container\">\n\t\t\t\t\t<div class=\"elementor-divider\">\n\t\t\t<span class=\"elementor-divider-separator\">\n\t\t\t\t\t\t<\/span>\n\t\t<\/div>\n\t\t\t\t<\/div>\n\t\t\t\t<\/div>\n\t\t\t\t<div class=\"elementor-element elementor-element-1c25240 elementor-widget elementor-widget-text-editor\" data-id=\"1c25240\" data-element_type=\"widget\" data-widget_type=\"text-editor.default\">\n\t\t\t\t<div class=\"elementor-widget-container\">\n\t\t\t\t\t\t\t<h2 class=\"widget-title\">TELECHARGER<\/h2>\t\t\t\t\t\t<\/div>\n\t\t\t\t<\/div>\n\t\t\t\t<div class=\"elementor-element elementor-element-76da190 cspt-btn-color-globalcolor cspt-btn-style-flat cspt-btn-shape-square elementor-widget elementor-widget-button\" data-id=\"76da190\" data-element_type=\"widget\" data-widget_type=\"button.default\">\n\t\t\t\t<div class=\"elementor-widget-container\">\n\t\t\t\t\t<div class=\"elementor-button-wrapper\">\n\t\t\t<a class=\"elementor-button elementor-button-link elementor-size-sm\" href=\"#\">\n\t\t\t\t\t\t<span class=\"elementor-button-content-wrapper\">\n\t\t\t\t\t\t<span class=\"elementor-button-icon elementor-align-icon-left\">\n\t\t\t\t<i aria-hidden=\"true\" class=\"far fa-file-pdf\"><\/i>\t\t\t<\/span>\n\t\t\t\t\t\t<span class=\"elementor-button-text\">T\u00e9l\u00e9charger le PDF<\/span>\n\t\t<\/span>\n\t\t\t\t\t<\/a>\n\t\t<\/div>\n\t\t\t\t<\/div>\n\t\t\t\t<\/div>\n\t\t\t\t\t<\/div>\n\t\t<\/div>\n\t\t\t\t<div class=\"elementor-column elementor-col-50 elementor-top-column elementor-element elementor-element-b61c33f cspt-bg-color-over-image\" data-id=\"b61c33f\" data-element_type=\"column\">\n\t\t\t<div class=\"elementor-widget-wrap elementor-element-populated\">\n\t\t\t\t\t\t<div class=\"elementor-element elementor-element-bd8c605 elementor-widget elementor-widget-image\" data-id=\"bd8c605\" data-element_type=\"widget\" data-widget_type=\"image.default\">\n\t\t\t\t<div class=\"elementor-widget-container\">\n\t\t\t\t\t\t\t\t\t\t\t\t\t<img fetchpriority=\"high\" decoding=\"async\" width=\"612\" height=\"612\" src=\"https:\/\/reflectionsolaire.com\/wp-content\/uploads\/2024\/04\/WhatsApp-Image-2024-04-06-at-9.47.08-PM-2.jpeg\" class=\"attachment-full size-full wp-image-611\" alt=\"\" srcset=\"https:\/\/reflectionsolaire.com\/wp-content\/uploads\/2024\/04\/WhatsApp-Image-2024-04-06-at-9.47.08-PM-2.jpeg 612w, https:\/\/reflectionsolaire.com\/wp-content\/uploads\/2024\/04\/WhatsApp-Image-2024-04-06-at-9.47.08-PM-2-300x300.jpeg 300w, https:\/\/reflectionsolaire.com\/wp-content\/uploads\/2024\/04\/WhatsApp-Image-2024-04-06-at-9.47.08-PM-2-150x150.jpeg 150w, https:\/\/reflectionsolaire.com\/wp-content\/uploads\/2024\/04\/WhatsApp-Image-2024-04-06-at-9.47.08-PM-2-600x600.jpeg 600w, https:\/\/reflectionsolaire.com\/wp-content\/uploads\/2024\/04\/WhatsApp-Image-2024-04-06-at-9.47.08-PM-2-100x100.jpeg 100w\" sizes=\"(max-width: 612px) 100vw, 612px\" data-id=\"611\" \/>\t\t\t\t\t\t\t\t\t\t\t\t\t<\/div>\n\t\t\t\t<\/div>\n\t\t\t\t<div class=\"elementor-element elementor-element-b72c01d elementor-widget elementor-widget-heading\" data-id=\"b72c01d\" data-element_type=\"widget\" data-widget_type=\"heading.default\">\n\t\t\t\t<div class=\"elementor-widget-container\">\n\t\t\t<h2 class=\"elementor-heading-title elementor-size-default\">Chauffe-eau solaire 150L et 200L<\/h2>\t\t<\/div>\n\t\t\t\t<\/div>\n\t\t\t\t<div class=\"elementor-element elementor-element-1ea953a elementor-widget elementor-widget-text-editor\" data-id=\"1ea953a\" data-element_type=\"widget\" data-widget_type=\"text-editor.default\">\n\t\t\t\t<div class=\"elementor-widget-container\">\n\t\t\t\t\t\t\t<div class=\"row\"><div class=\"col-md-12\"><div class=\"row\"><div class=\"col-md-12\"><div class=\"row\"><div class=\"col-md-12\"><div class=\"container-fluid\"><div class=\"row\"><div class=\"container\"><div class=\"row my-5\"><div class=\"col-md-8\"><div class=\"row\"><div class=\"col-md-12\"><p>Les tubes sous vide captent les rayons du soleil incidents et les convertissent en chaleur \u00e0 l'int\u00e9rieur du tube int\u00e9rieur. L'eau, d\u00e9sormais chauff\u00e9e, voit sa temp\u00e9rature augmenter, sa densit\u00e9 changer, et les sections d'eau chaude remontent \u00e0 travers le tube jusqu'au sommet du r\u00e9servoir, tandis que l'eau froide du bas du r\u00e9servoir la remplace dans le tube, pour recommencer le cycle. Ce cycle naturel de l'eau entra\u00een\u00e9 par la diff\u00e9rence de temp\u00e9rature maintient l'eau chaude lorsqu'elle est stock\u00e9e dans un r\u00e9servoir isol\u00e9.<\/p><p>Le r\u00e9servoir du chauffe-eau solaire est un r\u00e9servoir non pressuris\u00e9 et poss\u00e8de une ouverture vers l'atmosph\u00e8re ambiante. Le r\u00e9servoir du chauffe-eau solaire doit toujours \u00eatre rempli d'eau pour \u00e9viter les dommages caus\u00e9s par des conditions de travail \u00e0 haute temp\u00e9rature et sans eau. L'acier inoxydable que nous utilisons est de qualit\u00e9 alimentaire, et le SUS 304 et le SUS 316 offrent une meilleure r\u00e9sistance \u00e0 la corrosion.<\/p><\/div><\/div><\/div><\/div><\/div><\/div><\/div><\/div><\/div><\/div><\/div><\/div><\/div>\t\t\t\t\t\t<\/div>\n\t\t\t\t<\/div>\n\t\t\t\t\t<\/div>\n\t\t<\/div>\n\t\t\t\t\t<\/div>\n\t\t<\/section>\n\t\t\t\t<section class=\"elementor-section elementor-top-section elementor-element elementor-element-85c4680 cspt-col-stretched-none cspt-bg-color-over-image elementor-section-boxed elementor-section-height-default elementor-section-height-default\" data-id=\"85c4680\" data-element_type=\"section\">\n\t\t\t\t\t\t<div class=\"elementor-container elementor-column-gap-default\">\n\t\t\t\t\t<div class=\"elementor-column elementor-col-50 elementor-top-column elementor-element elementor-element-7ac5133 cspt-bg-color-over-image\" data-id=\"7ac5133\" data-element_type=\"column\">\n\t\t\t<div class=\"elementor-widget-wrap\">\n\t\t\t\t\t\t\t<\/div>\n\t\t<\/div>\n\t\t\t\t<div class=\"elementor-column elementor-col-50 elementor-top-column elementor-element elementor-element-1d0f64a cspt-bg-color-over-image\" data-id=\"1d0f64a\" data-element_type=\"column\">\n\t\t\t<div class=\"elementor-widget-wrap elementor-element-populated\">\n\t\t\t\t\t\t<div class=\"elementor-element elementor-element-540f067 elementor-align-center sol2 cspt-btn-color-globalcolor cspt-btn-style-flat cspt-btn-shape-square elementor-widget elementor-widget-button\" data-id=\"540f067\" data-element_type=\"widget\" data-widget_type=\"button.default\">\n\t\t\t\t<div class=\"elementor-widget-container\">\n\t\t\t\t\t<div class=\"elementor-button-wrapper\">\n\t\t\t<a class=\"elementor-button elementor-button-link elementor-size-sm\" href=\"#\">\n\t\t\t\t\t\t<span class=\"elementor-button-content-wrapper\">\n\t\t\t\t\t\t<span class=\"elementor-button-text\">PRODUIT D'ENQU\u00caTE<\/span>\n\t\t<\/span>\n\t\t\t\t\t<\/a>\n\t\t<\/div>\n\t\t\t\t<\/div>\n\t\t\t\t<\/div>\n\t\t\t\t\t<\/div>\n\t\t<\/div>\n\t\t\t\t\t<\/div>\n\t\t<\/section>\n\t\t\t\t<section class=\"elementor-section elementor-top-section elementor-element elementor-element-5821762 cspt-col-stretched-none cspt-bg-color-over-image elementor-section-boxed elementor-section-height-default elementor-section-height-default\" data-id=\"5821762\" data-element_type=\"section\">\n\t\t\t\t\t\t<div class=\"elementor-container elementor-column-gap-default\">\n\t\t\t\t\t<div class=\"elementor-column elementor-col-100 elementor-top-column elementor-element elementor-element-2e39be9 cspt-bg-color-over-image\" data-id=\"2e39be9\" data-element_type=\"column\">\n\t\t\t<div class=\"elementor-widget-wrap elementor-element-populated\">\n\t\t\t\t\t\t<div class=\"elementor-element elementor-element-67d7048 elementor-widget elementor-widget-spacer\" data-id=\"67d7048\" data-element_type=\"widget\" data-widget_type=\"spacer.default\">\n\t\t\t\t<div class=\"elementor-widget-container\">\n\t\t\t\t\t<div class=\"elementor-spacer\">\n\t\t\t<div class=\"elementor-spacer-inner\"><\/div>\n\t\t<\/div>\n\t\t\t\t<\/div>\n\t\t\t\t<\/div>\n\t\t\t\t\t<\/div>\n\t\t<\/div>\n\t\t\t\t\t<\/div>\n\t\t<\/section>\n\t\t\t\t<section class=\"elementor-section elementor-top-section elementor-element elementor-element-24dff60 cspt-col-stretched-none cspt-bg-color-over-image elementor-section-boxed elementor-section-height-default elementor-section-height-default\" data-id=\"24dff60\" data-element_type=\"section\">\n\t\t\t\t\t\t<div class=\"elementor-container elementor-column-gap-default\">\n\t\t\t\t\t<div class=\"elementor-column elementor-col-100 elementor-top-column elementor-element elementor-element-095db56 cspt-bg-color-over-image\" data-id=\"095db56\" data-element_type=\"column\">\n\t\t\t<div class=\"elementor-widget-wrap\">\n\t\t\t\t\t\t\t<\/div>\n\t\t<\/div>\n\t\t\t\t\t<\/div>\n\t\t<\/section>\n\t\t\t\t<\/div>","protected":false},"excerpt":{"rendered":"<p>NEED HELP Our Client care managers are on call 24\/7 to answer your questions representative or submit a business inquiry online. +243893276604 DOWNLOAD Download PDF Solar Water Heater 150ml and 200ml The vacuum tubes trap incident sun rays, and convert it to heat inside the inner tube. Water, now being heated its temperature rises, density changes, and hot water sections rise through the tube to the top of the tank,[&hellip;]<\/p>","protected":false},"author":1,"featured_media":0,"parent":0,"menu_order":0,"comment_status":"closed","ping_status":"closed","template":"elementor_header_footer","meta":{"_acf_changed":false,"footnotes":""},"class_list":["post-610","page","type-page","status-publish","hentry"],"acf":[],"_links":{"self":[{"href":"https:\/\/reflectionsolaire.com\/fr\/wp-json\/wp\/v2\/pages\/610"}],"collection":[{"href":"https:\/\/reflectionsolaire.com\/fr\/wp-json\/wp\/v2\/pages"}],"about":[{"href":"https:\/\/reflectionsolaire.com\/fr\/wp-json\/wp\/v2\/types\/page"}],"author":[{"embeddable":true,"href":"https:\/\/reflectionsolaire.com\/fr\/wp-json\/wp\/v2\/users\/1"}],"replies":[{"embeddable":true,"href":"https:\/\/reflectionsolaire.com\/fr\/wp-json\/wp\/v2\/comments?post=610"}],"version-history":[{"count":10,"href":"https:\/\/reflectionsolaire.com\/fr\/wp-json\/wp\/v2\/pages\/610\/revisions"}],"predecessor-version":[{"id":727,"href":"https:\/\/reflectionsolaire.com\/fr\/wp-json\/wp\/v2\/pages\/610\/revisions\/727"}],"wp:attachment":[{"href":"https:\/\/reflectionsolaire.com\/fr\/wp-json\/wp\/v2\/media?parent=610"}],"curies":[{"name":"wp","href":"https:\/\/api.w.org\/{rel}","templated":true}]}}