{"id":582,"date":"2024-04-12T12:46:03","date_gmt":"2024-04-12T12:46:03","guid":{"rendered":"https:\/\/reflection2.host-botics.net\/?page_id=582"},"modified":"2024-04-13T13:49:49","modified_gmt":"2024-04-13T13:49:49","slug":"solar-street-light-40w-and-80w","status":"publish","type":"page","link":"https:\/\/reflectionsolaire.com\/fr\/solar-street-light-40w-and-80w\/","title":{"rendered":"Lampe solaire de rue 40W et 80W"},"content":{"rendered":"<div data-elementor-type=\"wp-page\" data-elementor-id=\"582\" class=\"elementor elementor-582\" data-elementor-post-type=\"page\">\n\t\t\t\t\t\t<section class=\"elementor-section elementor-top-section elementor-element elementor-element-deee6b4 cspt-col-stretched-none cspt-bg-color-over-image elementor-section-boxed elementor-section-height-default elementor-section-height-default\" data-id=\"deee6b4\" data-element_type=\"section\">\n\t\t\t\t\t\t<div class=\"elementor-container elementor-column-gap-default\">\n\t\t\t\t\t<div class=\"elementor-column elementor-col-100 elementor-top-column elementor-element elementor-element-2038efb cspt-bg-color-over-image\" data-id=\"2038efb\" data-element_type=\"column\">\n\t\t\t<div class=\"elementor-widget-wrap elementor-element-populated\">\n\t\t\t\t\t\t<div class=\"elementor-element elementor-element-ee6c7aa elementor-widget elementor-widget-spacer\" data-id=\"ee6c7aa\" data-element_type=\"widget\" data-widget_type=\"spacer.default\">\n\t\t\t\t<div class=\"elementor-widget-container\">\n\t\t\t\t\t<div class=\"elementor-spacer\">\n\t\t\t<div class=\"elementor-spacer-inner\"><\/div>\n\t\t<\/div>\n\t\t\t\t<\/div>\n\t\t\t\t<\/div>\n\t\t\t\t\t<\/div>\n\t\t<\/div>\n\t\t\t\t\t<\/div>\n\t\t<\/section>\n\t\t\t\t<section class=\"elementor-section elementor-top-section elementor-element elementor-element-b434931 cspt-col-stretched-none cspt-bg-color-over-image elementor-section-boxed elementor-section-height-default elementor-section-height-default\" data-id=\"b434931\" data-element_type=\"section\">\n\t\t\t\t\t\t<div class=\"elementor-container elementor-column-gap-default\">\n\t\t\t\t\t<div class=\"elementor-column elementor-col-50 elementor-top-column elementor-element elementor-element-7d1bde1 cspt-bg-color-over-image\" data-id=\"7d1bde1\" data-element_type=\"column\" data-settings=\"{&quot;background_background&quot;:&quot;classic&quot;}\">\n\t\t\t<div class=\"elementor-widget-wrap elementor-element-populated\">\n\t\t\t\t\t\t<div class=\"elementor-element elementor-element-ff55e83 elementor-widget elementor-widget-text-editor\" data-id=\"ff55e83\" data-element_type=\"widget\" data-widget_type=\"text-editor.default\">\n\t\t\t\t<div class=\"elementor-widget-container\">\n\t\t\t\t\t\t\t<h2 class=\"widget-title\">BESOIN D'AIDE<\/h2><div class=\"textwidget\"><div class=\"single-service-contact\"><div class=\"single-service-contact-inner\"><p>Nos gestionnaires de service client\u00e8le sont disponibles 24 heures sur 24, 7 jours sur 7, pour r\u00e9pondre \u00e0 vos questions ou soumettre une demande d'information commerciale en ligne.<\/p><div class=\"elementor-column elementor-col-33 elementor-inner-column elementor-element elementor-element-2cdbb9bd cspt-bg-color-over-image\" data-id=\"2cdbb9bd\" data-element_type=\"column\"><div class=\"elementor-widget-wrap elementor-element-populated\"><div class=\"elementor-element elementor-element-74e4e52a elementor-widget elementor-widget-cspt_icon_heading\" data-id=\"74e4e52a\" data-element_type=\"widget\" data-widget_type=\"cspt_icon_heading.default\"><div class=\"elementor-widget-container\"><div class=\"cspt-ihbox cspt-ihbox-style-2\"><div class=\"cspt-ihbox-box\"><div class=\"cspt-ihbox-headingicon d-flex\"><div class=\"cspt-ihbox-contents\"><div class=\"cspt-heading-desc\"><strong>+243893276604<\/strong><\/div><\/div><\/div><\/div><\/div><\/div><\/div><\/div><\/div><\/div><\/div><\/div>\t\t\t\t\t\t<\/div>\n\t\t\t\t<\/div>\n\t\t\t\t<div class=\"elementor-element elementor-element-733574a elementor-widget-divider--view-line elementor-widget elementor-widget-divider\" data-id=\"733574a\" data-element_type=\"widget\" data-widget_type=\"divider.default\">\n\t\t\t\t<div class=\"elementor-widget-container\">\n\t\t\t\t\t<div class=\"elementor-divider\">\n\t\t\t<span class=\"elementor-divider-separator\">\n\t\t\t\t\t\t<\/span>\n\t\t<\/div>\n\t\t\t\t<\/div>\n\t\t\t\t<\/div>\n\t\t\t\t<div class=\"elementor-element elementor-element-1c25240 elementor-widget elementor-widget-text-editor\" data-id=\"1c25240\" data-element_type=\"widget\" data-widget_type=\"text-editor.default\">\n\t\t\t\t<div class=\"elementor-widget-container\">\n\t\t\t\t\t\t\t<h2 class=\"widget-title\">TELECHARGER<\/h2>\t\t\t\t\t\t<\/div>\n\t\t\t\t<\/div>\n\t\t\t\t<div class=\"elementor-element elementor-element-76da190 cspt-btn-color-globalcolor cspt-btn-style-flat cspt-btn-shape-square elementor-widget elementor-widget-button\" data-id=\"76da190\" data-element_type=\"widget\" data-widget_type=\"button.default\">\n\t\t\t\t<div class=\"elementor-widget-container\">\n\t\t\t\t\t<div class=\"elementor-button-wrapper\">\n\t\t\t<a class=\"elementor-button elementor-button-link elementor-size-sm\" href=\"#\">\n\t\t\t\t\t\t<span class=\"elementor-button-content-wrapper\">\n\t\t\t\t\t\t<span class=\"elementor-button-icon elementor-align-icon-left\">\n\t\t\t\t<i aria-hidden=\"true\" class=\"far fa-file-pdf\"><\/i>\t\t\t<\/span>\n\t\t\t\t\t\t<span class=\"elementor-button-text\">T\u00e9l\u00e9charger le PDF<\/span>\n\t\t<\/span>\n\t\t\t\t\t<\/a>\n\t\t<\/div>\n\t\t\t\t<\/div>\n\t\t\t\t<\/div>\n\t\t\t\t\t<\/div>\n\t\t<\/div>\n\t\t\t\t<div class=\"elementor-column elementor-col-50 elementor-top-column elementor-element elementor-element-b61c33f cspt-bg-color-over-image\" data-id=\"b61c33f\" data-element_type=\"column\">\n\t\t\t<div class=\"elementor-widget-wrap elementor-element-populated\">\n\t\t\t\t\t\t<div class=\"elementor-element elementor-element-bd8c605 elementor-widget elementor-widget-image\" data-id=\"bd8c605\" data-element_type=\"widget\" data-widget_type=\"image.default\">\n\t\t\t\t<div class=\"elementor-widget-container\">\n\t\t\t\t\t\t\t\t\t\t\t\t\t<img fetchpriority=\"high\" decoding=\"async\" width=\"315\" height=\"508\" src=\"https:\/\/reflectionsolaire.com\/wp-content\/uploads\/2024\/04\/WhatsApp-Image-2024-04-06-at-9.47.07-PM.jpeg\" class=\"attachment-full size-full wp-image-491\" alt=\"\" srcset=\"https:\/\/reflectionsolaire.com\/wp-content\/uploads\/2024\/04\/WhatsApp-Image-2024-04-06-at-9.47.07-PM.jpeg 315w, https:\/\/reflectionsolaire.com\/wp-content\/uploads\/2024\/04\/WhatsApp-Image-2024-04-06-at-9.47.07-PM-186x300.jpeg 186w\" sizes=\"(max-width: 315px) 100vw, 315px\" data-id=\"491\" \/>\t\t\t\t\t\t\t\t\t\t\t\t\t<\/div>\n\t\t\t\t<\/div>\n\t\t\t\t<div class=\"elementor-element elementor-element-b72c01d elementor-widget elementor-widget-heading\" data-id=\"b72c01d\" data-element_type=\"widget\" data-widget_type=\"heading.default\">\n\t\t\t\t<div class=\"elementor-widget-container\">\n\t\t\t<h2 class=\"elementor-heading-title elementor-size-default\">Lampe solaire de rue 40W et 80W<\/h2>\t\t<\/div>\n\t\t\t\t<\/div>\n\t\t\t\t<div class=\"elementor-element elementor-element-1ea953a elementor-widget elementor-widget-text-editor\" data-id=\"1ea953a\" data-element_type=\"widget\" data-widget_type=\"text-editor.default\">\n\t\t\t\t<div class=\"elementor-widget-container\">\n\t\t\t\t\t\t\t<div class=\"row\"><div class=\"col-md-12\"><div class=\"row\"><div class=\"col-md-12\"><div class=\"row\"><div class=\"col-md-12\"><div class=\"container-fluid\"><div class=\"row\"><div class=\"container\"><div class=\"row my-5\"><div class=\"col-md-8\"><div class=\"row\"><div class=\"col-md-12\"><div class=\"row\"><div class=\"col-md-12\"><div class=\"row\"><div class=\"col-md-12\"><p class=\"text-justify\">Consid\u00e9rez l'alimentation de votre bureau d'entreprise, de votre b\u00e2timent commercial ou de votre usine de fabrication comme un investissement pour l'avenir. Le retour imm\u00e9diat sera cependant une importante r\u00e9duction de vos factures d'\u00e9nergie mensuelles, rendant votre entreprise autonome en termes de consommation d'\u00e9lectricit\u00e9.<\/p><\/div><\/div><div class=\"row my-4\">\u00a0<\/div><\/div><\/div><\/div><\/div><\/div><\/div><\/div><\/div><\/div><\/div><\/div><\/div><\/div><\/div><\/div>\t\t\t\t\t\t<\/div>\n\t\t\t\t<\/div>\n\t\t\t\t\t<\/div>\n\t\t<\/div>\n\t\t\t\t\t<\/div>\n\t\t<\/section>\n\t\t\t\t<section class=\"elementor-section elementor-top-section elementor-element elementor-element-54eecd9 cspt-col-stretched-none cspt-bg-color-over-image elementor-section-boxed elementor-section-height-default elementor-section-height-default\" data-id=\"54eecd9\" data-element_type=\"section\">\n\t\t\t\t\t\t<div class=\"elementor-container elementor-column-gap-default\">\n\t\t\t\t\t<div class=\"elementor-column elementor-col-33 elementor-top-column elementor-element elementor-element-c657756 cspt-bg-color-over-image\" data-id=\"c657756\" data-element_type=\"column\">\n\t\t\t<div class=\"elementor-widget-wrap\">\n\t\t\t\t\t\t\t<\/div>\n\t\t<\/div>\n\t\t\t\t<div class=\"elementor-column elementor-col-33 elementor-top-column elementor-element elementor-element-168cb4c cspt-bg-color-over-image\" data-id=\"168cb4c\" data-element_type=\"column\">\n\t\t\t<div class=\"elementor-widget-wrap elementor-element-populated\">\n\t\t\t\t\t\t<div class=\"elementor-element elementor-element-59ff341 elementor-widget elementor-widget-cspt_icon_heading\" data-id=\"59ff341\" data-element_type=\"widget\" data-widget_type=\"cspt_icon_heading.default\">\n\t\t\t\t<div class=\"elementor-widget-container\">\n\t\t\t<div  class=\"cspt-ihbox cspt-ihbox-style-1\" >\r\n\t<div class=\"cspt-ihbox-icon\"><div class=\"cspt-ihbox-icon-wrapper\"><i class=\"cspt-greenly-icon cspt-greenly-icon-light-bulb\"><\/i><\/div><\/div>\t<div class=\"cspt-ihbox-contents\">\r\n\t\t<h2 class=\"cspt-element-title\">\r\n\t\t\t\t\t\r\n\t\t\t\t\t\tInstallation facile\r\n\t\t\t\t\t\r\n\t\t\t\t\t<\/h2>\r\n\t\t\t\t\t\t\t\t\t\t\t<\/div><!-- .cspt-ihbox-contents -->\r\n<\/div>\r\n\t\t<\/div>\n\t\t\t\t<\/div>\n\t\t\t\t\t<\/div>\n\t\t<\/div>\n\t\t\t\t<div class=\"elementor-column elementor-col-33 elementor-top-column elementor-element elementor-element-d06d8c2 cspt-bg-color-over-image\" data-id=\"d06d8c2\" data-element_type=\"column\">\n\t\t\t<div class=\"elementor-widget-wrap elementor-element-populated\">\n\t\t\t\t\t\t<div class=\"elementor-element elementor-element-05afd1a elementor-widget elementor-widget-cspt_icon_heading\" data-id=\"05afd1a\" data-element_type=\"widget\" data-widget_type=\"cspt_icon_heading.default\">\n\t\t\t\t<div class=\"elementor-widget-container\">\n\t\t\t<div  class=\"cspt-ihbox cspt-ihbox-style-1\" >\r\n\t<div class=\"cspt-ihbox-icon\"><div class=\"cspt-ihbox-icon-wrapper\"><i class=\"cspt-greenly-icon cspt-greenly-icon-windmill\"><\/i><\/div><\/div>\t<div class=\"cspt-ihbox-contents\">\r\n\t\t<h2 class=\"cspt-element-title\">\r\n\t\t\t\t\t\r\n\t\t\t\t\t\tLongue dur\u00e9e d'utilisation\r\n\t\t\t\t\t\r\n\t\t\t\t\t<\/h2>\r\n\t\t\t\t\t\t\t\t\t\t\t<\/div><!-- .cspt-ihbox-contents -->\r\n<\/div>\r\n\t\t<\/div>\n\t\t\t\t<\/div>\n\t\t\t\t\t<\/div>\n\t\t<\/div>\n\t\t\t\t\t<\/div>\n\t\t<\/section>\n\t\t\t\t<section class=\"elementor-section elementor-top-section elementor-element elementor-element-85c4680 cspt-col-stretched-none cspt-bg-color-over-image elementor-section-boxed elementor-section-height-default elementor-section-height-default\" data-id=\"85c4680\" data-element_type=\"section\">\n\t\t\t\t\t\t<div class=\"elementor-container elementor-column-gap-default\">\n\t\t\t\t\t<div class=\"elementor-column elementor-col-50 elementor-top-column elementor-element elementor-element-7ac5133 cspt-bg-color-over-image\" data-id=\"7ac5133\" data-element_type=\"column\">\n\t\t\t<div class=\"elementor-widget-wrap\">\n\t\t\t\t\t\t\t<\/div>\n\t\t<\/div>\n\t\t\t\t<div class=\"elementor-column elementor-col-50 elementor-top-column elementor-element elementor-element-1d0f64a cspt-bg-color-over-image\" data-id=\"1d0f64a\" data-element_type=\"column\">\n\t\t\t<div class=\"elementor-widget-wrap elementor-element-populated\">\n\t\t\t\t\t\t<div class=\"elementor-element elementor-element-540f067 elementor-align-center sol cspt-btn-color-globalcolor cspt-btn-style-flat cspt-btn-shape-square elementor-widget elementor-widget-button\" data-id=\"540f067\" data-element_type=\"widget\" data-widget_type=\"button.default\">\n\t\t\t\t<div class=\"elementor-widget-container\">\n\t\t\t\t\t<div class=\"elementor-button-wrapper\">\n\t\t\t<a class=\"elementor-button elementor-button-link elementor-size-sm\" href=\"#\">\n\t\t\t\t\t\t<span class=\"elementor-button-content-wrapper\">\n\t\t\t\t\t\t<span class=\"elementor-button-text\">PRODUIT D'ENQU\u00caTE<\/span>\n\t\t<\/span>\n\t\t\t\t\t<\/a>\n\t\t<\/div>\n\t\t\t\t<\/div>\n\t\t\t\t<\/div>\n\t\t\t\t\t<\/div>\n\t\t<\/div>\n\t\t\t\t\t<\/div>\n\t\t<\/section>\n\t\t\t\t<section class=\"elementor-section elementor-top-section elementor-element elementor-element-735df64 cspt-col-stretched-none cspt-bg-color-over-image elementor-section-boxed elementor-section-height-default elementor-section-height-default\" data-id=\"735df64\" data-element_type=\"section\">\n\t\t\t\t\t\t<div class=\"elementor-container elementor-column-gap-default\">\n\t\t\t\t\t<div class=\"elementor-column elementor-col-50 elementor-top-column elementor-element elementor-element-27ac255 cspt-bg-color-over-image\" data-id=\"27ac255\" data-element_type=\"column\">\n\t\t\t<div class=\"elementor-widget-wrap\">\n\t\t\t\t\t\t\t<\/div>\n\t\t<\/div>\n\t\t\t\t<div class=\"elementor-column elementor-col-50 elementor-top-column elementor-element elementor-element-8acbefe cspt-bg-color-over-image\" data-id=\"8acbefe\" data-element_type=\"column\">\n\t\t\t<div class=\"elementor-widget-wrap\">\n\t\t\t\t\t\t\t<\/div>\n\t\t<\/div>\n\t\t\t\t\t<\/div>\n\t\t<\/section>\n\t\t\t\t<section class=\"elementor-section elementor-top-section elementor-element elementor-element-5821762 cspt-col-stretched-none cspt-bg-color-over-image elementor-section-boxed elementor-section-height-default elementor-section-height-default\" data-id=\"5821762\" data-element_type=\"section\">\n\t\t\t\t\t\t<div class=\"elementor-container elementor-column-gap-default\">\n\t\t\t\t\t<div class=\"elementor-column elementor-col-100 elementor-top-column elementor-element elementor-element-2e39be9 cspt-bg-color-over-image\" data-id=\"2e39be9\" data-element_type=\"column\">\n\t\t\t<div class=\"elementor-widget-wrap elementor-element-populated\">\n\t\t\t\t\t\t<div class=\"elementor-element elementor-element-67d7048 elementor-widget elementor-widget-spacer\" data-id=\"67d7048\" data-element_type=\"widget\" data-widget_type=\"spacer.default\">\n\t\t\t\t<div class=\"elementor-widget-container\">\n\t\t\t\t\t<div class=\"elementor-spacer\">\n\t\t\t<div class=\"elementor-spacer-inner\"><\/div>\n\t\t<\/div>\n\t\t\t\t<\/div>\n\t\t\t\t<\/div>\n\t\t\t\t\t<\/div>\n\t\t<\/div>\n\t\t\t\t\t<\/div>\n\t\t<\/section>\n\t\t\t\t<\/div>","protected":false},"excerpt":{"rendered":"<p>NEED HELP Our Client care managers are on call 24\/7 to answer your questions representative or submit a business inquiry online. +243893276604 DOWNLOAD Download PDF Solar street light 40w and 80w\u200b Consider powering your business\u2019 office, commercial building or a manufacturing plant as an investment in the future. The immediate return though will be a huge cut on those monthly energy bills that you receive they become self sufficient in[&hellip;]<\/p>","protected":false},"author":1,"featured_media":0,"parent":0,"menu_order":0,"comment_status":"closed","ping_status":"closed","template":"elementor_header_footer","meta":{"_acf_changed":false,"footnotes":""},"class_list":["post-582","page","type-page","status-publish","hentry"],"acf":[],"_links":{"self":[{"href":"https:\/\/reflectionsolaire.com\/fr\/wp-json\/wp\/v2\/pages\/582"}],"collection":[{"href":"https:\/\/reflectionsolaire.com\/fr\/wp-json\/wp\/v2\/pages"}],"about":[{"href":"https:\/\/reflectionsolaire.com\/fr\/wp-json\/wp\/v2\/types\/page"}],"author":[{"embeddable":true,"href":"https:\/\/reflectionsolaire.com\/fr\/wp-json\/wp\/v2\/users\/1"}],"replies":[{"embeddable":true,"href":"https:\/\/reflectionsolaire.com\/fr\/wp-json\/wp\/v2\/comments?post=582"}],"version-history":[{"count":15,"href":"https:\/\/reflectionsolaire.com\/fr\/wp-json\/wp\/v2\/pages\/582\/revisions"}],"predecessor-version":[{"id":766,"href":"https:\/\/reflectionsolaire.com\/fr\/wp-json\/wp\/v2\/pages\/582\/revisions\/766"}],"wp:attachment":[{"href":"https:\/\/reflectionsolaire.com\/fr\/wp-json\/wp\/v2\/media?parent=582"}],"curies":[{"name":"wp","href":"https:\/\/api.w.org\/{rel}","templated":true}]}}