{"id":576,"date":"2024-04-12T12:41:37","date_gmt":"2024-04-12T12:41:37","guid":{"rendered":"https:\/\/reflection2.host-botics.net\/?page_id=576"},"modified":"2024-04-13T07:45:47","modified_gmt":"2024-04-13T07:45:47","slug":"must-inverter-1kw-hybrid","status":"publish","type":"page","link":"https:\/\/reflectionsolaire.com\/fr\/must-inverter-1kw-hybrid\/","title":{"rendered":"Onduleur hybride Must 1KW"},"content":{"rendered":"<div data-elementor-type=\"wp-page\" data-elementor-id=\"576\" class=\"elementor elementor-576\" data-elementor-post-type=\"page\">\n\t\t\t\t\t\t<section class=\"elementor-section elementor-top-section elementor-element elementor-element-deee6b4 cspt-col-stretched-none cspt-bg-color-over-image elementor-section-boxed elementor-section-height-default elementor-section-height-default\" data-id=\"deee6b4\" data-element_type=\"section\">\n\t\t\t\t\t\t<div class=\"elementor-container elementor-column-gap-default\">\n\t\t\t\t\t<div class=\"elementor-column elementor-col-100 elementor-top-column elementor-element elementor-element-2038efb cspt-bg-color-over-image\" data-id=\"2038efb\" data-element_type=\"column\">\n\t\t\t<div class=\"elementor-widget-wrap elementor-element-populated\">\n\t\t\t\t\t\t<div class=\"elementor-element elementor-element-ee6c7aa elementor-widget elementor-widget-spacer\" data-id=\"ee6c7aa\" data-element_type=\"widget\" data-widget_type=\"spacer.default\">\n\t\t\t\t<div class=\"elementor-widget-container\">\n\t\t\t\t\t<div class=\"elementor-spacer\">\n\t\t\t<div class=\"elementor-spacer-inner\"><\/div>\n\t\t<\/div>\n\t\t\t\t<\/div>\n\t\t\t\t<\/div>\n\t\t\t\t\t<\/div>\n\t\t<\/div>\n\t\t\t\t\t<\/div>\n\t\t<\/section>\n\t\t\t\t<section class=\"elementor-section elementor-top-section elementor-element elementor-element-b434931 cspt-col-stretched-none cspt-bg-color-over-image elementor-section-boxed elementor-section-height-default elementor-section-height-default\" data-id=\"b434931\" data-element_type=\"section\">\n\t\t\t\t\t\t<div class=\"elementor-container elementor-column-gap-default\">\n\t\t\t\t\t<div class=\"elementor-column elementor-col-50 elementor-top-column elementor-element elementor-element-7d1bde1 cspt-bg-color-over-image\" data-id=\"7d1bde1\" data-element_type=\"column\" data-settings=\"{&quot;background_background&quot;:&quot;classic&quot;}\">\n\t\t\t<div class=\"elementor-widget-wrap elementor-element-populated\">\n\t\t\t\t\t\t<div class=\"elementor-element elementor-element-ff55e83 elementor-widget elementor-widget-text-editor\" data-id=\"ff55e83\" data-element_type=\"widget\" data-widget_type=\"text-editor.default\">\n\t\t\t\t<div class=\"elementor-widget-container\">\n\t\t\t\t\t\t\t<h2 class=\"widget-title\">BESOIN D'AIDE<\/h2><div class=\"textwidget\"><div class=\"single-service-contact\"><div class=\"single-service-contact-inner\"><p>Nos gestionnaires de service client\u00e8le sont disponibles 24 heures sur 24, 7 jours sur 7, pour r\u00e9pondre \u00e0 vos questions ou soumettre une demande d'information commerciale en ligne.<\/p><div class=\"elementor-column elementor-col-33 elementor-inner-column elementor-element elementor-element-2cdbb9bd cspt-bg-color-over-image\" data-id=\"2cdbb9bd\" data-element_type=\"column\"><div class=\"elementor-widget-wrap elementor-element-populated\"><div class=\"elementor-element elementor-element-74e4e52a elementor-widget elementor-widget-cspt_icon_heading\" data-id=\"74e4e52a\" data-element_type=\"widget\" data-widget_type=\"cspt_icon_heading.default\"><div class=\"elementor-widget-container\"><div class=\"cspt-ihbox cspt-ihbox-style-2\"><div class=\"cspt-ihbox-box\"><div class=\"cspt-ihbox-headingicon d-flex\"><div class=\"cspt-ihbox-contents\"><div class=\"cspt-heading-desc\"><strong>+243893276604<\/strong><\/div><\/div><\/div><\/div><\/div><\/div><\/div><\/div><\/div><\/div><\/div><\/div>\t\t\t\t\t\t<\/div>\n\t\t\t\t<\/div>\n\t\t\t\t<div class=\"elementor-element elementor-element-733574a elementor-widget-divider--view-line elementor-widget elementor-widget-divider\" data-id=\"733574a\" data-element_type=\"widget\" data-widget_type=\"divider.default\">\n\t\t\t\t<div class=\"elementor-widget-container\">\n\t\t\t\t\t<div class=\"elementor-divider\">\n\t\t\t<span class=\"elementor-divider-separator\">\n\t\t\t\t\t\t<\/span>\n\t\t<\/div>\n\t\t\t\t<\/div>\n\t\t\t\t<\/div>\n\t\t\t\t<div class=\"elementor-element elementor-element-1c25240 elementor-widget elementor-widget-text-editor\" data-id=\"1c25240\" data-element_type=\"widget\" data-widget_type=\"text-editor.default\">\n\t\t\t\t<div class=\"elementor-widget-container\">\n\t\t\t\t\t\t\t<h2 class=\"widget-title\">TELECHARGER<\/h2>\t\t\t\t\t\t<\/div>\n\t\t\t\t<\/div>\n\t\t\t\t<div class=\"elementor-element elementor-element-76da190 cspt-btn-color-globalcolor cspt-btn-style-flat cspt-btn-shape-square elementor-widget elementor-widget-button\" data-id=\"76da190\" data-element_type=\"widget\" data-widget_type=\"button.default\">\n\t\t\t\t<div class=\"elementor-widget-container\">\n\t\t\t\t\t<div class=\"elementor-button-wrapper\">\n\t\t\t<a class=\"elementor-button elementor-button-link elementor-size-sm\" href=\"#\">\n\t\t\t\t\t\t<span class=\"elementor-button-content-wrapper\">\n\t\t\t\t\t\t<span class=\"elementor-button-icon elementor-align-icon-left\">\n\t\t\t\t<i aria-hidden=\"true\" class=\"far fa-file-pdf\"><\/i>\t\t\t<\/span>\n\t\t\t\t\t\t<span class=\"elementor-button-text\">T\u00e9l\u00e9charger le PDF<\/span>\n\t\t<\/span>\n\t\t\t\t\t<\/a>\n\t\t<\/div>\n\t\t\t\t<\/div>\n\t\t\t\t<\/div>\n\t\t\t\t\t<\/div>\n\t\t<\/div>\n\t\t\t\t<div class=\"elementor-column elementor-col-50 elementor-top-column elementor-element elementor-element-b61c33f cspt-bg-color-over-image\" data-id=\"b61c33f\" data-element_type=\"column\">\n\t\t\t<div class=\"elementor-widget-wrap elementor-element-populated\">\n\t\t\t\t\t\t<div class=\"elementor-element elementor-element-bd8c605 elementor-widget elementor-widget-image\" data-id=\"bd8c605\" data-element_type=\"widget\" data-widget_type=\"image.default\">\n\t\t\t\t<div class=\"elementor-widget-container\">\n\t\t\t\t\t\t\t\t\t\t\t\t\t<img fetchpriority=\"high\" decoding=\"async\" width=\"400\" height=\"450\" src=\"https:\/\/reflectionsolaire.com\/wp-content\/uploads\/2018\/12\/pro2-1.webp\" class=\"attachment-full size-full wp-image-385\" alt=\"\" srcset=\"https:\/\/reflectionsolaire.com\/wp-content\/uploads\/2018\/12\/pro2-1.webp 400w, https:\/\/reflectionsolaire.com\/wp-content\/uploads\/2018\/12\/pro2-1-267x300.webp 267w\" sizes=\"(max-width: 400px) 100vw, 400px\" data-id=\"385\" \/>\t\t\t\t\t\t\t\t\t\t\t\t\t<\/div>\n\t\t\t\t<\/div>\n\t\t\t\t<div class=\"elementor-element elementor-element-b72c01d elementor-widget elementor-widget-heading\" data-id=\"b72c01d\" data-element_type=\"widget\" data-widget_type=\"heading.default\">\n\t\t\t\t<div class=\"elementor-widget-container\">\n\t\t\t<h2 class=\"elementor-heading-title elementor-size-default\">Onduleur hybride Must 1KW<\/h2>\t\t<\/div>\n\t\t\t\t<\/div>\n\t\t\t\t<div class=\"elementor-element elementor-element-1ea953a elementor-widget elementor-widget-text-editor\" data-id=\"1ea953a\" data-element_type=\"widget\" data-widget_type=\"text-editor.default\">\n\t\t\t\t<div class=\"elementor-widget-container\">\n\t\t\t\t\t\t\t<div class=\"row\"><div class=\"col-md-12\"><div class=\"row\"><div class=\"col-md-12\"><div class=\"row\"><div class=\"col-md-12\"><div class=\"container-fluid\"><div class=\"row\"><div class=\"container\"><div class=\"row my-5\"><div class=\"col-md-8\"><div class=\"row\"><div class=\"col-md-12\"><div class=\"row\"><div class=\"col-md-12\"><p class=\"text-justify\">PV1800PRO est un onduleur\/chargeur multifonction, combinant les fonctions d'onduleur, de chargeur solaire MPPT et de chargeur de batterie pour offrir un support d'alimentation ininterrompue dans un format portable. La s\u00e9rie PV1800 PRO peut fonctionner sans batterie. La tension maximale du circuit ouvert du panneau solaire peut atteindre 450V et la tension MPPT est de 150~430Vcc, ce qui peut aider les clients \u00e0 tirer pleinement parti de l'\u00e9nergie solaire<\/p><\/div><\/div><\/div><\/div><\/div><\/div><\/div><\/div><\/div><\/div><\/div><\/div><\/div><\/div><\/div>\t\t\t\t\t\t<\/div>\n\t\t\t\t<\/div>\n\t\t\t\t<div class=\"elementor-element elementor-element-51ace56 elementor-widget elementor-widget-accordion\" data-id=\"51ace56\" data-element_type=\"widget\" data-widget_type=\"accordion.default\">\n\t\t\t\t<div class=\"elementor-widget-container\">\n\t\t\t\t\t<div class=\"elementor-accordion\">\n\t\t\t\t\t\t\t<div class=\"elementor-accordion-item\">\n\t\t\t\t\t<div id=\"elementor-tab-title-8561\" class=\"elementor-tab-title\" data-tab=\"1\" role=\"button\" aria-controls=\"elementor-tab-content-8561\" aria-expanded=\"false\">\n\t\t\t\t\t\t\t\t\t\t\t\t\t<span class=\"elementor-accordion-icon elementor-accordion-icon-right\" aria-hidden=\"true\">\n\t\t\t\t\t\t\t\t\t\t\t\t\t\t\t<span class=\"elementor-accordion-icon-closed\"><i class=\"fas fa-plus\"><\/i><\/span>\n\t\t\t\t\t\t\t\t<span class=\"elementor-accordion-icon-opened\"><i class=\"fas fa-minus\"><\/i><\/span>\n\t\t\t\t\t\t\t\t\t\t\t\t\t\t<\/span>\n\t\t\t\t\t\t\t\t\t\t\t\t<a class=\"elementor-accordion-title\" tabindex=\"0\">Caract\u00e9ristiques du produit<\/a>\n\t\t\t\t\t<\/div>\n\t\t\t\t\t<div id=\"elementor-tab-content-8561\" class=\"elementor-tab-content elementor-clearfix\" data-tab=\"1\" role=\"region\" aria-labelledby=\"elementor-tab-title-8561\"><ul><li class=\"p1\"><span class=\"s1\">Sortie en onde sinuso\u00efdale pure<\/span><\/li><li class=\"p1\"><span class=\"s1\">R\u00e9glage intelligent sur \u00e9cran LCD (modes de fonctionnement, courant de charge, tension de charge, etc.).<\/span><\/li><li class=\"p1\"><span class=\"s1\">Contr\u00f4leur de charge solaire MPPT int\u00e9gr\u00e9<\/span><\/li><li class=\"p1\"><span class=\"s1\">Tension maximale du circuit ouvert du panneau solaire : 450V<\/span><\/li><li class=\"p1\"><span class=\"s1\">Peut fournir de l'\u00e9nergie \u00e0 la charge sans batterie<\/span><\/li><li class=\"p1\"><span class=\"s1\">Combinaison de syst\u00e8me solaire, d'alimentation \u00e9lectrique CA et de source d'alimentation par batterie pour fournir une alimentation continue<\/span><\/li><li class=\"p1\"><span class=\"s1\">Protection contre les surcharges, les courts-circuits et les d\u00e9charges profondes<\/span><\/li><li class=\"p1\"><span class=\"s1\">Fonction de d\u00e9marrage \u00e0 froid<\/span><\/li><li class=\"p1\"><span class=\"s1\">Prise en charge de la fonction de surveillance USB, RS485<\/span><\/li><li class=\"p1\"><span class=\"s1\">Surveillance \u00e0 distance WIFI (en option)<\/span><\/li><\/ul><\/div>\n\t\t\t\t<\/div>\n\t\t\t\t\t\t\t<div class=\"elementor-accordion-item\">\n\t\t\t\t\t<div id=\"elementor-tab-title-8562\" class=\"elementor-tab-title\" data-tab=\"2\" role=\"button\" aria-controls=\"elementor-tab-content-8562\" aria-expanded=\"false\">\n\t\t\t\t\t\t\t\t\t\t\t\t\t<span class=\"elementor-accordion-icon elementor-accordion-icon-right\" aria-hidden=\"true\">\n\t\t\t\t\t\t\t\t\t\t\t\t\t\t\t<span class=\"elementor-accordion-icon-closed\"><i class=\"fas fa-plus\"><\/i><\/span>\n\t\t\t\t\t\t\t\t<span class=\"elementor-accordion-icon-opened\"><i class=\"fas fa-minus\"><\/i><\/span>\n\t\t\t\t\t\t\t\t\t\t\t\t\t\t<\/span>\n\t\t\t\t\t\t\t\t\t\t\t\t<a class=\"elementor-accordion-title\" tabindex=\"0\">Sp\u00e9cifications Techniques<\/a>\n\t\t\t\t\t<\/div>\n\t\t\t\t\t<div id=\"elementor-tab-content-8562\" class=\"elementor-tab-content elementor-clearfix\" data-tab=\"2\" role=\"region\" aria-labelledby=\"elementor-tab-title-8562\"><table class=\"table table-bordered\"><thead class=\"thead-dark\"><tr><th class=\"text-center\">Mod\u00e8le<\/th><th class=\"text-center\">PV18-3024 PRO<\/th><th class=\"text-center\">PV18-5248 PRO<\/th><\/tr><\/thead><tbody><tr><td class=\"text-center\">Tension nominale du syst\u00e8me de batterie<\/td><td class=\"text-center\">24VDC<\/td><td class=\"text-center\">48VDC<\/td><\/tr><tr><td colspan=\"3\"><b class=\"euz_tt\">Tension nominale du syst\u00e8me de batterie<\/b><\/td><\/tr><tr><td class=\"text-center\">Puissance nominale<\/td><td class=\"text-center\">3000VA \/ 3000W<\/td><td class=\"text-center\">5200VA \/ 5200W<\/td><\/tr><tr><td class=\"text-center\">Puissance de cr\u00eate<\/td><td class=\"text-center\">6000W<\/td><td class=\"text-center\">10400W<\/td><\/tr><tr><td class=\"text-center\">Forme d'onde<\/td><td class=\"text-center\" colspan=\"2\">Onde sinuso\u00efdale pure<\/td><\/tr><tr><td class=\"text-center\">R\u00e9gulation de tension CA (Mode batterie)<\/td><td class=\"text-center\" colspan=\"2\">230VAC\u00b15%(Setting)<\/td><\/tr><tr><td class=\"text-center\">Efficacit\u00e9 de l'onduleur (pic)<\/td><td class=\"text-center\" colspan=\"2\">93%<\/td><\/tr><tr><td class=\"text-center\">Temps de transfert<\/td><td class=\"text-center\" colspan=\"2\">10ms (UPS \/ VDE4105) \/ 20ms (APL)<\/td><\/tr><tr><td colspan=\"3\"><b class=\"euz_tt\">Entr\u00e9e CA<\/b><\/td><\/tr><tr><td class=\"text-center\">Tension<\/td><td class=\"text-center\">230VAC\u00b15%<\/td><td class=\"text-center\">230VAC\u00b15%<\/td><\/tr><tr><td class=\"text-center\">Plage de tension s\u00e9lectionnable<\/td><td class=\"text-center\" colspan=\"2\">170~280VAC(UPS)\/90~280VAC(APL)\/184~253VAC(VED4105)<\/td><\/tr><tr><td class=\"text-center\">Plage de fr\u00e9quence<\/td><td class=\"text-center\" colspan=\"2\">50 Hz \/ 60 Hz (D\u00e9tection automatique)<\/td><\/tr><tr><td colspan=\"3\"><b class=\"euz_tt\">BATTERIE<\/b><\/td><\/tr><tr><td class=\"text-center\">Tension normale<\/td><td class=\"text-center\">24VDC<\/td><td class=\"text-center\">48VDC<\/td><\/tr><tr><td class=\"text-center\">Tension de charge flottante<\/td><td class=\"text-center\">27.4VDC<\/td><td class=\"text-center\">54.8VDC<\/td><\/tr><tr><td class=\"text-center\">Protection contre la surcharge<\/td><td class=\"text-center\">30VDC<\/td><td class=\"text-center\">60VDC<\/td><\/tr><tr><td colspan=\"3\"><b class=\"euz_tt\">CHARGEUR SOLAIRE &amp; CHARGEUR AC<\/b><\/td><\/tr><tr><td class=\"text-center\">Tension maximale du circuit ouvert du panneau solaire<\/td><td class=\"text-center\" colspan=\"2\">450VDC<\/td><\/tr><tr><td class=\"text-center\">Courant PV maximal<\/td><td class=\"text-center\" colspan=\"2\">18A<\/td><\/tr><tr><td class=\"text-center\">PV Array MPPT Voltage Range<\/td><td class=\"text-center\" colspan=\"2\">150~430 VDC<\/td><\/tr><tr><td class=\"text-center\">Maximum Solar Charge Current<\/td><td class=\"text-center\" colspan=\"2\">80Amp<\/td><\/tr><tr><td class=\"text-center\">Courant de charge CA maximal<\/td><td class=\"text-center\" colspan=\"2\">60Amp<\/td><\/tr><tr><td class=\"text-center\">Courant de charge maximal<\/td><td class=\"text-center\" colspan=\"2\">80Amp<\/td><\/tr><tr><td colspan=\"3\"><b class=\"euz_tt\">Sp\u00e9cifications m\u00e9caniques<\/b><\/td><\/tr><tr><td class=\"text-center\">Machine Dimensions (W*H*D)(mm)<\/td><td class=\"text-center\">272*355*100<\/td><td class=\"text-center\">295*528*121<\/td><\/tr><tr><td class=\"text-center\">Package Dimensions (W*H*D)(mm)<\/td><td class=\"text-center\">540*395*241<\/td><td class=\"text-center\">628*425*251<\/td><\/tr><tr><td class=\"text-center\">Poids net (kg)<\/td><td class=\"text-center\">11<\/td><td class=\"text-center\">14<\/td><\/tr><tr><td class=\"text-center\">Poids brut (kg)<\/td><td class=\"text-center\">12<\/td><td class=\"text-center\">15<\/td><\/tr><tr><td colspan=\"3\"><b class=\"euz_tt\">Autres<\/b><\/td><\/tr><tr><td class=\"text-center\">Humidit\u00e9<\/td><td class=\"text-center\" colspan=\"2\">5% \u00e0 95% d'humidit\u00e9 relative (non condensante)<\/td><\/tr><tr><td class=\"text-center\">Temp\u00e9rature de fonctionnement<\/td><td class=\"text-center\" colspan=\"2\">0\u00b0C~50\u00b0C<\/td><\/tr><tr><td class=\"text-center\">Temp\u00e9rature de stockage<\/td><td class=\"text-center\" colspan=\"2\">-15\u00b0C ~60\u00b0C<\/td><\/tr><\/tbody><\/table><\/div>\n\t\t\t\t<\/div>\n\t\t\t\t\t\t\t\t<\/div>\n\t\t\t\t<\/div>\n\t\t\t\t<\/div>\n\t\t\t\t\t<\/div>\n\t\t<\/div>\n\t\t\t\t\t<\/div>\n\t\t<\/section>\n\t\t\t\t<section class=\"elementor-section elementor-top-section elementor-element elementor-element-85c4680 cspt-col-stretched-none cspt-bg-color-over-image elementor-section-boxed elementor-section-height-default elementor-section-height-default\" data-id=\"85c4680\" data-element_type=\"section\">\n\t\t\t\t\t\t<div class=\"elementor-container elementor-column-gap-default\">\n\t\t\t\t\t<div class=\"elementor-column elementor-col-50 elementor-top-column elementor-element elementor-element-7ac5133 cspt-bg-color-over-image\" data-id=\"7ac5133\" data-element_type=\"column\">\n\t\t\t<div class=\"elementor-widget-wrap\">\n\t\t\t\t\t\t\t<\/div>\n\t\t<\/div>\n\t\t\t\t<div class=\"elementor-column elementor-col-50 elementor-top-column elementor-element elementor-element-1d0f64a cspt-bg-color-over-image\" data-id=\"1d0f64a\" data-element_type=\"column\">\n\t\t\t<div class=\"elementor-widget-wrap elementor-element-populated\">\n\t\t\t\t\t\t<div class=\"elementor-element elementor-element-540f067 elementor-align-center mus cspt-btn-color-globalcolor cspt-btn-style-flat cspt-btn-shape-square elementor-widget elementor-widget-button\" data-id=\"540f067\" data-element_type=\"widget\" data-widget_type=\"button.default\">\n\t\t\t\t<div class=\"elementor-widget-container\">\n\t\t\t\t\t<div class=\"elementor-button-wrapper\">\n\t\t\t<a class=\"elementor-button elementor-button-link elementor-size-sm\" href=\"#\">\n\t\t\t\t\t\t<span class=\"elementor-button-content-wrapper\">\n\t\t\t\t\t\t<span class=\"elementor-button-text\">PRODUIT D'ENQU\u00caTE<\/span>\n\t\t<\/span>\n\t\t\t\t\t<\/a>\n\t\t<\/div>\n\t\t\t\t<\/div>\n\t\t\t\t<\/div>\n\t\t\t\t\t<\/div>\n\t\t<\/div>\n\t\t\t\t\t<\/div>\n\t\t<\/section>\n\t\t\t\t<section class=\"elementor-section elementor-top-section elementor-element elementor-element-5821762 cspt-col-stretched-none cspt-bg-color-over-image elementor-section-boxed elementor-section-height-default elementor-section-height-default\" data-id=\"5821762\" data-element_type=\"section\">\n\t\t\t\t\t\t<div class=\"elementor-container elementor-column-gap-default\">\n\t\t\t\t\t<div class=\"elementor-column elementor-col-100 elementor-top-column elementor-element elementor-element-2e39be9 cspt-bg-color-over-image\" data-id=\"2e39be9\" data-element_type=\"column\">\n\t\t\t<div class=\"elementor-widget-wrap elementor-element-populated\">\n\t\t\t\t\t\t<div class=\"elementor-element elementor-element-67d7048 elementor-widget elementor-widget-spacer\" data-id=\"67d7048\" data-element_type=\"widget\" data-widget_type=\"spacer.default\">\n\t\t\t\t<div class=\"elementor-widget-container\">\n\t\t\t\t\t<div class=\"elementor-spacer\">\n\t\t\t<div class=\"elementor-spacer-inner\"><\/div>\n\t\t<\/div>\n\t\t\t\t<\/div>\n\t\t\t\t<\/div>\n\t\t\t\t\t<\/div>\n\t\t<\/div>\n\t\t\t\t\t<\/div>\n\t\t<\/section>\n\t\t\t\t<section class=\"elementor-section elementor-top-section elementor-element elementor-element-24dff60 cspt-col-stretched-none cspt-bg-color-over-image elementor-section-boxed elementor-section-height-default elementor-section-height-default\" data-id=\"24dff60\" data-element_type=\"section\">\n\t\t\t\t\t\t<div class=\"elementor-container elementor-column-gap-default\">\n\t\t\t\t\t<div class=\"elementor-column elementor-col-100 elementor-top-column elementor-element elementor-element-095db56 cspt-bg-color-over-image\" data-id=\"095db56\" data-element_type=\"column\">\n\t\t\t<div class=\"elementor-widget-wrap\">\n\t\t\t\t\t\t\t<\/div>\n\t\t<\/div>\n\t\t\t\t\t<\/div>\n\t\t<\/section>\n\t\t\t\t<\/div>","protected":false},"excerpt":{"rendered":"<p>NEED HELP Our Client care managers are on call 24\/7 to answer your questions representative or submit a business inquiry online. +243893276604 DOWNLOAD Download PDF Must Inverter 1KW Hybrid PV1800PRO is a multi-function inverter\/charger, combining functions of inverter, MPPT solar charger and battery charger to offer uninterruptible power support in portable size. PV1800 PRO Series can run without battery. The Maximum PV array open circuit voltage can reach 450V and[&hellip;]<\/p>","protected":false},"author":1,"featured_media":0,"parent":0,"menu_order":0,"comment_status":"closed","ping_status":"closed","template":"elementor_header_footer","meta":{"_acf_changed":false,"footnotes":""},"class_list":["post-576","page","type-page","status-publish","hentry"],"acf":[],"_links":{"self":[{"href":"https:\/\/reflectionsolaire.com\/fr\/wp-json\/wp\/v2\/pages\/576"}],"collection":[{"href":"https:\/\/reflectionsolaire.com\/fr\/wp-json\/wp\/v2\/pages"}],"about":[{"href":"https:\/\/reflectionsolaire.com\/fr\/wp-json\/wp\/v2\/types\/page"}],"author":[{"embeddable":true,"href":"https:\/\/reflectionsolaire.com\/fr\/wp-json\/wp\/v2\/users\/1"}],"replies":[{"embeddable":true,"href":"https:\/\/reflectionsolaire.com\/fr\/wp-json\/wp\/v2\/comments?post=576"}],"version-history":[{"count":8,"href":"https:\/\/reflectionsolaire.com\/fr\/wp-json\/wp\/v2\/pages\/576\/revisions"}],"predecessor-version":[{"id":711,"href":"https:\/\/reflectionsolaire.com\/fr\/wp-json\/wp\/v2\/pages\/576\/revisions\/711"}],"wp:attachment":[{"href":"https:\/\/reflectionsolaire.com\/fr\/wp-json\/wp\/v2\/media?parent=576"}],"curies":[{"name":"wp","href":"https:\/\/api.w.org\/{rel}","templated":true}]}}