{"id":541,"date":"2024-04-12T07:53:40","date_gmt":"2024-04-12T07:53:40","guid":{"rendered":"https:\/\/reflection2.host-botics.net\/?page_id=541"},"modified":"2024-04-13T06:41:01","modified_gmt":"2024-04-13T06:41:01","slug":"lithium-ion-blue-carbon-battery-10kw-48v","status":"publish","type":"page","link":"https:\/\/reflectionsolaire.com\/fr\/lithium-ion-blue-carbon-battery-10kw-48v\/","title":{"rendered":"Batterie lithium-ion Blue Carbon 10KW 48V"},"content":{"rendered":"<div data-elementor-type=\"wp-page\" data-elementor-id=\"541\" class=\"elementor elementor-541\" data-elementor-post-type=\"page\">\n\t\t\t\t\t\t<section class=\"elementor-section elementor-top-section elementor-element elementor-element-deee6b4 cspt-col-stretched-none cspt-bg-color-over-image elementor-section-boxed elementor-section-height-default elementor-section-height-default\" data-id=\"deee6b4\" data-element_type=\"section\">\n\t\t\t\t\t\t<div class=\"elementor-container elementor-column-gap-default\">\n\t\t\t\t\t<div class=\"elementor-column elementor-col-100 elementor-top-column elementor-element elementor-element-2038efb cspt-bg-color-over-image\" data-id=\"2038efb\" data-element_type=\"column\">\n\t\t\t<div class=\"elementor-widget-wrap elementor-element-populated\">\n\t\t\t\t\t\t<div class=\"elementor-element elementor-element-ee6c7aa elementor-widget elementor-widget-spacer\" data-id=\"ee6c7aa\" data-element_type=\"widget\" data-widget_type=\"spacer.default\">\n\t\t\t\t<div class=\"elementor-widget-container\">\n\t\t\t\t\t<div class=\"elementor-spacer\">\n\t\t\t<div class=\"elementor-spacer-inner\"><\/div>\n\t\t<\/div>\n\t\t\t\t<\/div>\n\t\t\t\t<\/div>\n\t\t\t\t\t<\/div>\n\t\t<\/div>\n\t\t\t\t\t<\/div>\n\t\t<\/section>\n\t\t\t\t<section class=\"elementor-section elementor-top-section elementor-element elementor-element-b434931 cspt-col-stretched-none cspt-bg-color-over-image elementor-section-boxed elementor-section-height-default elementor-section-height-default\" data-id=\"b434931\" data-element_type=\"section\">\n\t\t\t\t\t\t<div class=\"elementor-container elementor-column-gap-default\">\n\t\t\t\t\t<div class=\"elementor-column elementor-col-50 elementor-top-column elementor-element elementor-element-7d1bde1 cspt-bg-color-over-image\" data-id=\"7d1bde1\" data-element_type=\"column\" data-settings=\"{&quot;background_background&quot;:&quot;classic&quot;}\">\n\t\t\t<div class=\"elementor-widget-wrap elementor-element-populated\">\n\t\t\t\t\t\t<div class=\"elementor-element elementor-element-ff55e83 elementor-widget elementor-widget-text-editor\" data-id=\"ff55e83\" data-element_type=\"widget\" data-widget_type=\"text-editor.default\">\n\t\t\t\t<div class=\"elementor-widget-container\">\n\t\t\t\t\t\t\t<h2 class=\"widget-title\">BESOIN D'AIDE<\/h2><div class=\"textwidget\"><div class=\"single-service-contact\"><div class=\"single-service-contact-inner\"><p>Nos gestionnaires de service client\u00e8le sont disponibles 24 heures sur 24, 7 jours sur 7, pour r\u00e9pondre \u00e0 vos questions ou soumettre une demande d'information commerciale en ligne.<\/p><div class=\"elementor-column elementor-col-33 elementor-inner-column elementor-element elementor-element-2cdbb9bd cspt-bg-color-over-image\" data-id=\"2cdbb9bd\" data-element_type=\"column\"><div class=\"elementor-widget-wrap elementor-element-populated\"><div class=\"elementor-element elementor-element-74e4e52a elementor-widget elementor-widget-cspt_icon_heading\" data-id=\"74e4e52a\" data-element_type=\"widget\" data-widget_type=\"cspt_icon_heading.default\"><div class=\"elementor-widget-container\"><div class=\"cspt-ihbox cspt-ihbox-style-2\"><div class=\"cspt-ihbox-box\"><div class=\"cspt-ihbox-headingicon d-flex\"><div class=\"cspt-ihbox-contents\"><div class=\"cspt-heading-desc\"><strong>+243893276604<\/strong><\/div><\/div><\/div><\/div><\/div><\/div><\/div><\/div><\/div><\/div><\/div><\/div>\t\t\t\t\t\t<\/div>\n\t\t\t\t<\/div>\n\t\t\t\t<div class=\"elementor-element elementor-element-733574a elementor-widget-divider--view-line elementor-widget elementor-widget-divider\" data-id=\"733574a\" data-element_type=\"widget\" data-widget_type=\"divider.default\">\n\t\t\t\t<div class=\"elementor-widget-container\">\n\t\t\t\t\t<div class=\"elementor-divider\">\n\t\t\t<span class=\"elementor-divider-separator\">\n\t\t\t\t\t\t<\/span>\n\t\t<\/div>\n\t\t\t\t<\/div>\n\t\t\t\t<\/div>\n\t\t\t\t<div class=\"elementor-element elementor-element-1c25240 elementor-widget elementor-widget-text-editor\" data-id=\"1c25240\" data-element_type=\"widget\" data-widget_type=\"text-editor.default\">\n\t\t\t\t<div class=\"elementor-widget-container\">\n\t\t\t\t\t\t\t<h2 class=\"widget-title\">TELECHARGER<\/h2>\t\t\t\t\t\t<\/div>\n\t\t\t\t<\/div>\n\t\t\t\t<div class=\"elementor-element elementor-element-76da190 cspt-btn-color-globalcolor cspt-btn-style-flat cspt-btn-shape-square elementor-widget elementor-widget-button\" data-id=\"76da190\" data-element_type=\"widget\" data-widget_type=\"button.default\">\n\t\t\t\t<div class=\"elementor-widget-container\">\n\t\t\t\t\t<div class=\"elementor-button-wrapper\">\n\t\t\t<a class=\"elementor-button elementor-button-link elementor-size-sm\" href=\"#\">\n\t\t\t\t\t\t<span class=\"elementor-button-content-wrapper\">\n\t\t\t\t\t\t<span class=\"elementor-button-icon elementor-align-icon-left\">\n\t\t\t\t<i aria-hidden=\"true\" class=\"far fa-file-pdf\"><\/i>\t\t\t<\/span>\n\t\t\t\t\t\t<span class=\"elementor-button-text\">T\u00e9l\u00e9charger le PDF<\/span>\n\t\t<\/span>\n\t\t\t\t\t<\/a>\n\t\t<\/div>\n\t\t\t\t<\/div>\n\t\t\t\t<\/div>\n\t\t\t\t\t<\/div>\n\t\t<\/div>\n\t\t\t\t<div class=\"elementor-column elementor-col-50 elementor-top-column elementor-element elementor-element-b61c33f cspt-bg-color-over-image\" data-id=\"b61c33f\" data-element_type=\"column\">\n\t\t\t<div class=\"elementor-widget-wrap elementor-element-populated\">\n\t\t\t\t\t\t<div class=\"elementor-element elementor-element-bd8c605 elementor-widget elementor-widget-image\" data-id=\"bd8c605\" data-element_type=\"widget\" data-widget_type=\"image.default\">\n\t\t\t\t<div class=\"elementor-widget-container\">\n\t\t\t\t\t\t\t\t\t\t\t\t\t<img fetchpriority=\"high\" decoding=\"async\" width=\"800\" height=\"800\" src=\"https:\/\/reflectionsolaire.com\/wp-content\/uploads\/2018\/12\/pro3_3-1.webp\" class=\"attachment-full size-full wp-image-430\" alt=\"\" srcset=\"https:\/\/reflectionsolaire.com\/wp-content\/uploads\/2018\/12\/pro3_3-1.webp 800w, https:\/\/reflectionsolaire.com\/wp-content\/uploads\/2018\/12\/pro3_3-1-300x300.webp 300w, https:\/\/reflectionsolaire.com\/wp-content\/uploads\/2018\/12\/pro3_3-1-150x150.webp 150w, https:\/\/reflectionsolaire.com\/wp-content\/uploads\/2018\/12\/pro3_3-1-768x768.webp 768w, https:\/\/reflectionsolaire.com\/wp-content\/uploads\/2018\/12\/pro3_3-1-770x770.webp 770w, https:\/\/reflectionsolaire.com\/wp-content\/uploads\/2018\/12\/pro3_3-1-600x600.webp 600w, https:\/\/reflectionsolaire.com\/wp-content\/uploads\/2018\/12\/pro3_3-1-100x100.webp 100w\" sizes=\"(max-width: 800px) 100vw, 800px\" data-id=\"430\" \/>\t\t\t\t\t\t\t\t\t\t\t\t\t<\/div>\n\t\t\t\t<\/div>\n\t\t\t\t<div class=\"elementor-element elementor-element-b72c01d elementor-widget elementor-widget-heading\" data-id=\"b72c01d\" data-element_type=\"widget\" data-widget_type=\"heading.default\">\n\t\t\t\t<div class=\"elementor-widget-container\">\n\t\t\t<h2 class=\"elementor-heading-title elementor-size-default\">Batterie lithium-ion Blue Carbon 10KW 48V<\/h2>\t\t<\/div>\n\t\t\t\t<\/div>\n\t\t\t\t<div class=\"elementor-element elementor-element-1ea953a elementor-widget elementor-widget-text-editor\" data-id=\"1ea953a\" data-element_type=\"widget\" data-widget_type=\"text-editor.default\">\n\t\t\t\t<div class=\"elementor-widget-container\">\n\t\t\t\t\t\t\t<div class=\"row\"><div class=\"col-md-12\"><div class=\"row\"><div class=\"col-md-12\"><div class=\"row\"><div class=\"col-md-12\"><div class=\"row\"><div class=\"col-md-12\"><p class=\"text-justify\">Syst\u00e8me solaire de 10 kWh, batterie lithium-ion solaire de 48 V et 200 Ah, Chine, fabricants, fournisseurs, usine, vente en gros, achat, prix, \u00e0 vendre, fabriqu\u00e9 en Chine, Lumi\u00e8re de rue solaire pure pr\u00e9cieuse de 70 W, version aluminium, \u00c9clairage solaire de rue, \u00c9clairage LED solaire \u00e9tanche, Lumi\u00e8re de s\u00e9curit\u00e9 \u00e0 panneau solaire, Lumi\u00e8re de rue solaire pure pr\u00e9cieuse de 40 W, version aluminium, Lumi\u00e8re de s\u00e9curit\u00e9 \u00e0 panneau solaire.<\/p><\/div><\/div><div class=\"row my-4\">\u00a0<\/div><\/div><\/div><\/div><\/div><\/div><\/div>\t\t\t\t\t\t<\/div>\n\t\t\t\t<\/div>\n\t\t\t\t\t<\/div>\n\t\t<\/div>\n\t\t\t\t\t<\/div>\n\t\t<\/section>\n\t\t\t\t<section class=\"elementor-section elementor-top-section elementor-element elementor-element-85c4680 cspt-col-stretched-none cspt-bg-color-over-image elementor-section-boxed elementor-section-height-default elementor-section-height-default\" data-id=\"85c4680\" data-element_type=\"section\">\n\t\t\t\t\t\t<div class=\"elementor-container elementor-column-gap-default\">\n\t\t\t\t\t<div class=\"elementor-column elementor-col-50 elementor-top-column elementor-element elementor-element-7ac5133 cspt-bg-color-over-image\" data-id=\"7ac5133\" data-element_type=\"column\">\n\t\t\t<div class=\"elementor-widget-wrap\">\n\t\t\t\t\t\t\t<\/div>\n\t\t<\/div>\n\t\t\t\t<div class=\"elementor-column elementor-col-50 elementor-top-column elementor-element elementor-element-1d0f64a cspt-bg-color-over-image\" data-id=\"1d0f64a\" data-element_type=\"column\">\n\t\t\t<div class=\"elementor-widget-wrap elementor-element-populated\">\n\t\t\t\t\t\t<div class=\"elementor-element elementor-element-87d9174 elementor-widget elementor-widget-accordion\" data-id=\"87d9174\" data-element_type=\"widget\" data-widget_type=\"accordion.default\">\n\t\t\t\t<div class=\"elementor-widget-container\">\n\t\t\t\t\t<div class=\"elementor-accordion\">\n\t\t\t\t\t\t\t<div class=\"elementor-accordion-item\">\n\t\t\t\t\t<div id=\"elementor-tab-title-1421\" class=\"elementor-tab-title\" data-tab=\"1\" role=\"button\" aria-controls=\"elementor-tab-content-1421\" aria-expanded=\"false\">\n\t\t\t\t\t\t\t\t\t\t\t\t\t<span class=\"elementor-accordion-icon elementor-accordion-icon-right\" aria-hidden=\"true\">\n\t\t\t\t\t\t\t\t\t\t\t\t\t\t\t<span class=\"elementor-accordion-icon-closed\"><i class=\"fas fa-plus\"><\/i><\/span>\n\t\t\t\t\t\t\t\t<span class=\"elementor-accordion-icon-opened\"><i class=\"fas fa-minus\"><\/i><\/span>\n\t\t\t\t\t\t\t\t\t\t\t\t\t\t<\/span>\n\t\t\t\t\t\t\t\t\t\t\t\t<a class=\"elementor-accordion-title\" tabindex=\"0\">Caract\u00e9ristiques du produit<\/a>\n\t\t\t\t\t<\/div>\n\t\t\t\t\t<div id=\"elementor-tab-content-1421\" class=\"elementor-tab-content elementor-clearfix\" data-tab=\"1\" role=\"region\" aria-labelledby=\"elementor-tab-title-1421\"><ul><li class=\"p1\"><span class=\"s1\">Lieu d'origine : Shandong, Chine<\/span><\/li><li class=\"p1\"><span class=\"s1\">Nom de marque : BCT<\/span><\/li><li class=\"p1\"><span class=\"s1\">Num\u00e9ro de mod\u00e8le : UU48-200<\/span><\/li><li class=\"p1\"><span class=\"s1\">Mod\u00e8le : UU48-200Ah<\/span><\/li><li class=\"p1\"><span class=\"s1\">Tension nominale : 51,2V<\/span><\/li><li class=\"p1\"><span class=\"s1\">Courant d'entr\u00e9e continu : 100A<\/span><\/li><li class=\"p1\"><span class=\"s1\">Courant de sortie continu : 100A<\/span><\/li><li class=\"p1\"><span class=\"s1\">Tension de charge : 58,4V-60V<\/span><\/li><li class=\"p1\"><span class=\"s1\">Tension de fin de charge : 2,5V par cellule<\/span><\/li><li class=\"p1\"><span class=\"s1\">Auto-d\u00e9charge (25\u00b0C) : &lt;3%\/mois<\/span><\/li><li class=\"p1\"><span class=\"s1\">Profondeur de d\u00e9charge : jusqu'\u00e0 95%<\/span><\/li><li class=\"p1\"><span class=\"s1\">Plage de temp\u00e9rature de fonctionnement : -20\u00b0C \u00e0 70\u00b0C<\/span><\/li><li class=\"p1\"><span class=\"s1\">Dur\u00e9e de vie du cycle : &lt;1C de d\u00e9charge 2000 fois, &lt;0,4C de d\u00e9charge 4000 fois<\/span><\/li><li class=\"p1\"><span class=\"s1\">Application : Jouets, Outils \u00e9lectriques, Appareils \u00e9lectrom\u00e9nagers, \u00c9lectronique grand public, BATEAUX, Voitures de golf, SOUS-MARINS, V\u00e9los\/scooters \u00e9lectriques, Chariots \u00e9l\u00e9vateurs \u00e9lectriques, V\u00e9hicules \u00e9lectriques, Fauteuils roulants \u00e9lectriques, Syst\u00e8mes \u00e9lectriques, Syst\u00e8mes de stockage d'\u00e9nergie solaire, Alimentations sans interruption<\/span><\/li><li class=\"p1\"><span class=\"s1\">Garantie : 8 ANS<\/span><\/li><li class=\"p1\"><span class=\"s1\">Taille de la batterie : Pack batterie LiFePO4 48V 200Ah<\/span><\/li><li class=\"p1\"><span class=\"s1\">Certification : CE<\/span><\/li><li class=\"p1\"><span class=\"s1\">Poids : 80KG<\/span><\/li><\/ul><\/div>\n\t\t\t\t<\/div>\n\t\t\t\t\t\t\t\t<\/div>\n\t\t\t\t<\/div>\n\t\t\t\t<\/div>\n\t\t\t\t<div class=\"elementor-element elementor-element-de20092 elementor-widget elementor-widget-image\" data-id=\"de20092\" data-element_type=\"widget\" data-widget_type=\"image.default\">\n\t\t\t\t<div class=\"elementor-widget-container\">\n\t\t\t\t\t\t\t\t\t\t\t\t\t<img decoding=\"async\" width=\"847\" height=\"184\" src=\"https:\/\/reflectionsolaire.com\/wp-content\/uploads\/2018\/12\/product3-1024x222.webp\" class=\"attachment-large size-large wp-image-425\" alt=\"\" srcset=\"https:\/\/reflectionsolaire.com\/wp-content\/uploads\/2018\/12\/product3-1024x222.webp 1024w, https:\/\/reflectionsolaire.com\/wp-content\/uploads\/2018\/12\/product3-300x65.webp 300w, https:\/\/reflectionsolaire.com\/wp-content\/uploads\/2018\/12\/product3-768x167.webp 768w, https:\/\/reflectionsolaire.com\/wp-content\/uploads\/2018\/12\/product3-770x167.webp 770w, https:\/\/reflectionsolaire.com\/wp-content\/uploads\/2018\/12\/product3-600x130.webp 600w, https:\/\/reflectionsolaire.com\/wp-content\/uploads\/2018\/12\/product3.webp 1360w\" sizes=\"(max-width: 847px) 100vw, 847px\" data-id=\"425\" \/>\t\t\t\t\t\t\t\t\t\t\t\t\t<\/div>\n\t\t\t\t<\/div>\n\t\t\t\t<div class=\"elementor-element elementor-element-540f067 elementor-align-center lith cspt-btn-color-globalcolor cspt-btn-style-flat cspt-btn-shape-square elementor-widget elementor-widget-button\" data-id=\"540f067\" data-element_type=\"widget\" data-widget_type=\"button.default\">\n\t\t\t\t<div class=\"elementor-widget-container\">\n\t\t\t\t\t<div class=\"elementor-button-wrapper\">\n\t\t\t<a class=\"elementor-button elementor-button-link elementor-size-sm\" href=\"#\">\n\t\t\t\t\t\t<span class=\"elementor-button-content-wrapper\">\n\t\t\t\t\t\t<span class=\"elementor-button-text\">PRODUIT D'ENQU\u00caTE<\/span>\n\t\t<\/span>\n\t\t\t\t\t<\/a>\n\t\t<\/div>\n\t\t\t\t<\/div>\n\t\t\t\t<\/div>\n\t\t\t\t\t<\/div>\n\t\t<\/div>\n\t\t\t\t\t<\/div>\n\t\t<\/section>\n\t\t\t\t<section class=\"elementor-section elementor-top-section elementor-element elementor-element-5821762 cspt-col-stretched-none cspt-bg-color-over-image elementor-section-boxed elementor-section-height-default elementor-section-height-default\" data-id=\"5821762\" data-element_type=\"section\">\n\t\t\t\t\t\t<div class=\"elementor-container elementor-column-gap-default\">\n\t\t\t\t\t<div class=\"elementor-column elementor-col-100 elementor-top-column elementor-element elementor-element-2e39be9 cspt-bg-color-over-image\" data-id=\"2e39be9\" data-element_type=\"column\">\n\t\t\t<div class=\"elementor-widget-wrap elementor-element-populated\">\n\t\t\t\t\t\t<div class=\"elementor-element elementor-element-67d7048 elementor-widget elementor-widget-spacer\" data-id=\"67d7048\" data-element_type=\"widget\" data-widget_type=\"spacer.default\">\n\t\t\t\t<div class=\"elementor-widget-container\">\n\t\t\t\t\t<div class=\"elementor-spacer\">\n\t\t\t<div class=\"elementor-spacer-inner\"><\/div>\n\t\t<\/div>\n\t\t\t\t<\/div>\n\t\t\t\t<\/div>\n\t\t\t\t\t<\/div>\n\t\t<\/div>\n\t\t\t\t\t<\/div>\n\t\t<\/section>\n\t\t\t\t<section class=\"elementor-section elementor-top-section elementor-element elementor-element-c617035 cspt-col-stretched-none cspt-bg-color-over-image elementor-section-boxed elementor-section-height-default elementor-section-height-default\" data-id=\"c617035\" data-element_type=\"section\">\n\t\t\t\t\t\t<div class=\"elementor-container elementor-column-gap-default\">\n\t\t\t\t\t<div class=\"elementor-column elementor-col-100 elementor-top-column elementor-element elementor-element-8d59e72 cspt-bg-color-over-image\" data-id=\"8d59e72\" data-element_type=\"column\">\n\t\t\t<div class=\"elementor-widget-wrap\">\n\t\t\t\t\t\t\t<\/div>\n\t\t<\/div>\n\t\t\t\t\t<\/div>\n\t\t<\/section>\n\t\t\t\t<\/div>","protected":false},"excerpt":{"rendered":"<p>NEED HELP Our Client care managers are on call 24\/7 to answer your questions representative or submit a business inquiry online. +243893276604 DOWNLOAD Download PDF Lithium Ion Blue Carbon Battery 10KW 48V 10kwh solar system 48v 200ah solar lithium ion battery pack, China, manufacturers, suppliers, factory, wholesale, buy, price, for sale, made in China, 70W Solar Street Light pure precious Light Aluminum Version, Street Lights Solar Power, Solar Street Light,[&hellip;]<\/p>","protected":false},"author":1,"featured_media":0,"parent":0,"menu_order":0,"comment_status":"closed","ping_status":"closed","template":"elementor_header_footer","meta":{"_acf_changed":false,"footnotes":""},"class_list":["post-541","page","type-page","status-publish","hentry"],"acf":[],"_links":{"self":[{"href":"https:\/\/reflectionsolaire.com\/fr\/wp-json\/wp\/v2\/pages\/541"}],"collection":[{"href":"https:\/\/reflectionsolaire.com\/fr\/wp-json\/wp\/v2\/pages"}],"about":[{"href":"https:\/\/reflectionsolaire.com\/fr\/wp-json\/wp\/v2\/types\/page"}],"author":[{"embeddable":true,"href":"https:\/\/reflectionsolaire.com\/fr\/wp-json\/wp\/v2\/users\/1"}],"replies":[{"embeddable":true,"href":"https:\/\/reflectionsolaire.com\/fr\/wp-json\/wp\/v2\/comments?post=541"}],"version-history":[{"count":13,"href":"https:\/\/reflectionsolaire.com\/fr\/wp-json\/wp\/v2\/pages\/541\/revisions"}],"predecessor-version":[{"id":677,"href":"https:\/\/reflectionsolaire.com\/fr\/wp-json\/wp\/v2\/pages\/541\/revisions\/677"}],"wp:attachment":[{"href":"https:\/\/reflectionsolaire.com\/fr\/wp-json\/wp\/v2\/media?parent=541"}],"curies":[{"name":"wp","href":"https:\/\/api.w.org\/{rel}","templated":true}]}}