{"id":501,"date":"2024-04-12T05:44:57","date_gmt":"2024-04-12T05:44:57","guid":{"rendered":"https:\/\/reflection2.host-botics.net\/?page_id=501"},"modified":"2024-04-13T06:46:05","modified_gmt":"2024-04-13T06:46:05","slug":"deye-inverter-8kw-hybrid","status":"publish","type":"page","link":"https:\/\/reflectionsolaire.com\/fr\/deye-inverter-8kw-hybrid\/","title":{"rendered":"Inverseur hybride DEYE 8KW"},"content":{"rendered":"<div data-elementor-type=\"wp-page\" data-elementor-id=\"501\" class=\"elementor elementor-501\" data-elementor-post-type=\"page\">\n\t\t\t\t\t\t<section class=\"elementor-section elementor-top-section elementor-element elementor-element-deee6b4 cspt-col-stretched-none cspt-bg-color-over-image elementor-section-boxed elementor-section-height-default elementor-section-height-default\" data-id=\"deee6b4\" data-element_type=\"section\">\n\t\t\t\t\t\t<div class=\"elementor-container elementor-column-gap-default\">\n\t\t\t\t\t<div class=\"elementor-column elementor-col-100 elementor-top-column elementor-element elementor-element-2038efb cspt-bg-color-over-image\" data-id=\"2038efb\" data-element_type=\"column\">\n\t\t\t<div class=\"elementor-widget-wrap elementor-element-populated\">\n\t\t\t\t\t\t<div class=\"elementor-element elementor-element-ee6c7aa elementor-widget elementor-widget-spacer\" data-id=\"ee6c7aa\" data-element_type=\"widget\" data-widget_type=\"spacer.default\">\n\t\t\t\t<div class=\"elementor-widget-container\">\n\t\t\t\t\t<div class=\"elementor-spacer\">\n\t\t\t<div class=\"elementor-spacer-inner\"><\/div>\n\t\t<\/div>\n\t\t\t\t<\/div>\n\t\t\t\t<\/div>\n\t\t\t\t\t<\/div>\n\t\t<\/div>\n\t\t\t\t\t<\/div>\n\t\t<\/section>\n\t\t\t\t<section class=\"elementor-section elementor-top-section elementor-element elementor-element-b434931 cspt-col-stretched-none cspt-bg-color-over-image elementor-section-boxed elementor-section-height-default elementor-section-height-default\" data-id=\"b434931\" data-element_type=\"section\">\n\t\t\t\t\t\t<div class=\"elementor-container elementor-column-gap-default\">\n\t\t\t\t\t<div class=\"elementor-column elementor-col-50 elementor-top-column elementor-element elementor-element-7d1bde1 cspt-bg-color-over-image\" data-id=\"7d1bde1\" data-element_type=\"column\" data-settings=\"{&quot;background_background&quot;:&quot;classic&quot;}\">\n\t\t\t<div class=\"elementor-widget-wrap elementor-element-populated\">\n\t\t\t\t\t\t<div class=\"elementor-element elementor-element-ff55e83 elementor-widget elementor-widget-text-editor\" data-id=\"ff55e83\" data-element_type=\"widget\" data-widget_type=\"text-editor.default\">\n\t\t\t\t<div class=\"elementor-widget-container\">\n\t\t\t\t\t\t\t<h2 class=\"widget-title\">BESOIN D'AIDE<\/h2><div class=\"textwidget\"><div class=\"single-service-contact\"><div class=\"single-service-contact-inner\"><p>Nos gestionnaires de service client\u00e8le sont disponibles 24 heures sur 24, 7 jours sur 7, pour r\u00e9pondre \u00e0 vos questions ou soumettre une demande d'information commerciale en ligne.<\/p><div class=\"elementor-column elementor-col-33 elementor-inner-column elementor-element elementor-element-2cdbb9bd cspt-bg-color-over-image\" data-id=\"2cdbb9bd\" data-element_type=\"column\"><div class=\"elementor-widget-wrap elementor-element-populated\"><div class=\"elementor-element elementor-element-74e4e52a elementor-widget elementor-widget-cspt_icon_heading\" data-id=\"74e4e52a\" data-element_type=\"widget\" data-widget_type=\"cspt_icon_heading.default\"><div class=\"elementor-widget-container\"><div class=\"cspt-ihbox cspt-ihbox-style-2\"><div class=\"cspt-ihbox-box\"><div class=\"cspt-ihbox-headingicon d-flex\"><div class=\"cspt-ihbox-contents\"><div class=\"cspt-heading-desc\"><strong>+243893276604<\/strong><\/div><\/div><\/div><\/div><\/div><\/div><\/div><\/div><\/div><\/div><\/div><\/div>\t\t\t\t\t\t<\/div>\n\t\t\t\t<\/div>\n\t\t\t\t<div class=\"elementor-element elementor-element-733574a elementor-widget-divider--view-line elementor-widget elementor-widget-divider\" data-id=\"733574a\" data-element_type=\"widget\" data-widget_type=\"divider.default\">\n\t\t\t\t<div class=\"elementor-widget-container\">\n\t\t\t\t\t<div class=\"elementor-divider\">\n\t\t\t<span class=\"elementor-divider-separator\">\n\t\t\t\t\t\t<\/span>\n\t\t<\/div>\n\t\t\t\t<\/div>\n\t\t\t\t<\/div>\n\t\t\t\t<div class=\"elementor-element elementor-element-1c25240 elementor-widget elementor-widget-text-editor\" data-id=\"1c25240\" data-element_type=\"widget\" data-widget_type=\"text-editor.default\">\n\t\t\t\t<div class=\"elementor-widget-container\">\n\t\t\t\t\t\t\t<h2 class=\"widget-title\">TELECHARGER<\/h2>\t\t\t\t\t\t<\/div>\n\t\t\t\t<\/div>\n\t\t\t\t<div class=\"elementor-element elementor-element-76da190 cspt-btn-color-globalcolor cspt-btn-style-flat cspt-btn-shape-square elementor-widget elementor-widget-button\" data-id=\"76da190\" data-element_type=\"widget\" data-widget_type=\"button.default\">\n\t\t\t\t<div class=\"elementor-widget-container\">\n\t\t\t\t\t<div class=\"elementor-button-wrapper\">\n\t\t\t<a class=\"elementor-button elementor-button-link elementor-size-sm\" href=\"#\">\n\t\t\t\t\t\t<span class=\"elementor-button-content-wrapper\">\n\t\t\t\t\t\t<span class=\"elementor-button-icon elementor-align-icon-left\">\n\t\t\t\t<i aria-hidden=\"true\" class=\"far fa-file-pdf\"><\/i>\t\t\t<\/span>\n\t\t\t\t\t\t<span class=\"elementor-button-text\">T\u00e9l\u00e9charger le PDF<\/span>\n\t\t<\/span>\n\t\t\t\t\t<\/a>\n\t\t<\/div>\n\t\t\t\t<\/div>\n\t\t\t\t<\/div>\n\t\t\t\t\t<\/div>\n\t\t<\/div>\n\t\t\t\t<div class=\"elementor-column elementor-col-50 elementor-top-column elementor-element elementor-element-b61c33f cspt-bg-color-over-image\" data-id=\"b61c33f\" data-element_type=\"column\">\n\t\t\t<div class=\"elementor-widget-wrap elementor-element-populated\">\n\t\t\t\t\t\t<div class=\"elementor-element elementor-element-bd8c605 elementor-widget elementor-widget-image\" data-id=\"bd8c605\" data-element_type=\"widget\" data-widget_type=\"image.default\">\n\t\t\t\t<div class=\"elementor-widget-container\">\n\t\t\t\t\t\t\t\t\t\t\t\t\t<img fetchpriority=\"high\" decoding=\"async\" width=\"400\" height=\"450\" src=\"https:\/\/reflectionsolaire.com\/wp-content\/uploads\/2024\/04\/pro4.webp\" class=\"attachment-full size-full wp-image-441\" alt=\"\" srcset=\"https:\/\/reflectionsolaire.com\/wp-content\/uploads\/2024\/04\/pro4.webp 400w, https:\/\/reflectionsolaire.com\/wp-content\/uploads\/2024\/04\/pro4-267x300.webp 267w\" sizes=\"(max-width: 400px) 100vw, 400px\" data-id=\"441\" \/>\t\t\t\t\t\t\t\t\t\t\t\t\t<\/div>\n\t\t\t\t<\/div>\n\t\t\t\t<div class=\"elementor-element elementor-element-b72c01d elementor-widget elementor-widget-heading\" data-id=\"b72c01d\" data-element_type=\"widget\" data-widget_type=\"heading.default\">\n\t\t\t\t<div class=\"elementor-widget-container\">\n\t\t\t<h2 class=\"elementor-heading-title elementor-size-default\">Inverseur hybride DEYE 8KW<\/h2>\t\t<\/div>\n\t\t\t\t<\/div>\n\t\t\t\t<div class=\"elementor-element elementor-element-1ea953a elementor-widget elementor-widget-text-editor\" data-id=\"1ea953a\" data-element_type=\"widget\" data-widget_type=\"text-editor.default\">\n\t\t\t\t<div class=\"elementor-widget-container\">\n\t\t\t\t\t\t\t<div class=\"row\"><div class=\"col-md-12\"><p class=\"text-justify\">Inclus : Dongle Wi-Fi + C\u00e2ble de communication BMS. Rendements plus \u00e9lev\u00e9s. Am\u00e9liorez le ratio d'autoconsommation jusqu'\u00e0 80 %, r\u00e9duisant ainsi votre facture d'\u00e9lectricit\u00e9. Ratio CC\/CA jusqu'\u00e0 1,3, parfaitement adapt\u00e9 pour les modules PV double face. Conception \u00e0 deux MPPT, efficacit\u00e9 maximale de 97,6 %.<\/p><\/div><\/div><div class=\"row my-4\"><div class=\"col-md-12\">\u00a0<\/div><\/div>\t\t\t\t\t\t<\/div>\n\t\t\t\t<\/div>\n\t\t\t\t\t<\/div>\n\t\t<\/div>\n\t\t\t\t\t<\/div>\n\t\t<\/section>\n\t\t\t\t<section class=\"elementor-section elementor-top-section elementor-element elementor-element-85c4680 cspt-col-stretched-none cspt-bg-color-over-image elementor-section-boxed elementor-section-height-default elementor-section-height-default\" data-id=\"85c4680\" data-element_type=\"section\">\n\t\t\t\t\t\t<div class=\"elementor-container elementor-column-gap-default\">\n\t\t\t\t\t<div class=\"elementor-column elementor-col-50 elementor-top-column elementor-element elementor-element-7ac5133 cspt-bg-color-over-image\" data-id=\"7ac5133\" data-element_type=\"column\">\n\t\t\t<div class=\"elementor-widget-wrap\">\n\t\t\t\t\t\t\t<\/div>\n\t\t<\/div>\n\t\t\t\t<div class=\"elementor-column elementor-col-50 elementor-top-column elementor-element elementor-element-1d0f64a cspt-bg-color-over-image\" data-id=\"1d0f64a\" data-element_type=\"column\">\n\t\t\t<div class=\"elementor-widget-wrap elementor-element-populated\">\n\t\t\t\t\t\t<div class=\"elementor-element elementor-element-8d40f3a elementor-widget elementor-widget-accordion\" data-id=\"8d40f3a\" data-element_type=\"widget\" data-widget_type=\"accordion.default\">\n\t\t\t\t<div class=\"elementor-widget-container\">\n\t\t\t\t\t<div class=\"elementor-accordion\">\n\t\t\t\t\t\t\t<div class=\"elementor-accordion-item\">\n\t\t\t\t\t<div id=\"elementor-tab-title-1481\" class=\"elementor-tab-title\" data-tab=\"1\" role=\"button\" aria-controls=\"elementor-tab-content-1481\" aria-expanded=\"false\">\n\t\t\t\t\t\t\t\t\t\t\t\t\t<span class=\"elementor-accordion-icon elementor-accordion-icon-right\" aria-hidden=\"true\">\n\t\t\t\t\t\t\t\t\t\t\t\t\t\t\t<span class=\"elementor-accordion-icon-closed\"><i class=\"fas fa-plus\"><\/i><\/span>\n\t\t\t\t\t\t\t\t<span class=\"elementor-accordion-icon-opened\"><i class=\"fas fa-minus\"><\/i><\/span>\n\t\t\t\t\t\t\t\t\t\t\t\t\t\t<\/span>\n\t\t\t\t\t\t\t\t\t\t\t\t<a class=\"elementor-accordion-title\" tabindex=\"0\">Caract\u00e9ristiques du produit<\/a>\n\t\t\t\t\t<\/div>\n\t\t\t\t\t<div id=\"elementor-tab-content-1481\" class=\"elementor-tab-content elementor-clearfix\" data-tab=\"1\" role=\"region\" aria-labelledby=\"elementor-tab-title-1481\"><h6 class=\"font-weight-bold\">Convivial<\/h6><ul><li class=\"p1\"><span class=\"s1\">\u00c9cran tactile LCD et boutons, manipulation facile.<\/span><\/li><li class=\"p1\"><span class=\"s1\">Compatible avec batterie lithium-ion et batterie au plomb.<\/span><\/li><li class=\"p1\"><span class=\"s1\">Surveillance via navigateur web et application mobile prise en charge.<\/span><\/li><\/ul><h6 class=\"font-weight-bold\">Fiable<\/h6><ul><li class=\"p1\"><span class=\"s1\">Protection contre l'\u00e9clairage PV, protection anti-\u00eelotage, protection contre les courants de fuite, etc.<\/span><\/li><li class=\"p1\"><span class=\"s1\">Prise en charge du stockage de l'\u00e9nergie provenant du g\u00e9n\u00e9rateur diesel (DG) lorsque n\u00e9cessaire, garantissant le fonctionnement du syst\u00e8me 24h\/24, 7j\/7.<\/span><\/li><li class=\"p1\"><span class=\"s1\">Degr\u00e9 de protection IP65, adapt\u00e9 \u00e0 une utilisation int\u00e9rieure et ext\u00e9rieure.<\/span><\/li><li class=\"p1\"><span class=\"s1\">Passage automatique du mode r\u00e9seau au mode hors r\u00e9seau en moins de 5 ms.<\/span><\/li><li class=\"p1\"><span class=\"s1\">Fonction de non-exportation, r\u00e9action rapide en moins de 200 ms en mode de non-exportation.<\/span><\/li><\/ul><h6 class=\"font-weight-bold\">Intelligent<\/h6><ul><li class=\"p1\"><span class=\"s1\">Programmation des horaires de charge et de d\u00e9charge.<\/span><\/li><li class=\"p1\"><span class=\"s1\">Les \u00e9oliennes et les panneaux solaires peuvent \u00eatre connect\u00e9s en tant que source d'alimentation d'entr\u00e9e CC.<\/span><\/li><li class=\"p1\"><span class=\"s1\">Un maximum de 16 unit\u00e9s peuvent \u00eatre connect\u00e9es en parall\u00e8le pour une puissance syst\u00e8me plus \u00e9lev\u00e9e.<\/span><\/li><li class=\"p1\"><span class=\"s1\">R\u00e9trofit des syst\u00e8mes solaires existants en syst\u00e8mes de stockage d'\u00e9nergie.<\/span><\/li><\/ul><\/div>\n\t\t\t\t<\/div>\n\t\t\t\t\t\t\t<div class=\"elementor-accordion-item\">\n\t\t\t\t\t<div id=\"elementor-tab-title-1482\" class=\"elementor-tab-title\" data-tab=\"2\" role=\"button\" aria-controls=\"elementor-tab-content-1482\" aria-expanded=\"false\">\n\t\t\t\t\t\t\t\t\t\t\t\t\t<span class=\"elementor-accordion-icon elementor-accordion-icon-right\" aria-hidden=\"true\">\n\t\t\t\t\t\t\t\t\t\t\t\t\t\t\t<span class=\"elementor-accordion-icon-closed\"><i class=\"fas fa-plus\"><\/i><\/span>\n\t\t\t\t\t\t\t\t<span class=\"elementor-accordion-icon-opened\"><i class=\"fas fa-minus\"><\/i><\/span>\n\t\t\t\t\t\t\t\t\t\t\t\t\t\t<\/span>\n\t\t\t\t\t\t\t\t\t\t\t\t<a class=\"elementor-accordion-title\" tabindex=\"0\">Sp\u00e9cifications Techniques<\/a>\n\t\t\t\t\t<\/div>\n\t\t\t\t\t<div id=\"elementor-tab-content-1482\" class=\"elementor-tab-content elementor-clearfix\" data-tab=\"2\" role=\"region\" aria-labelledby=\"elementor-tab-title-1482\"><table class=\"table table-bordered\"><tbody><tr><td colspan=\"3\"><b class=\"euz_tt\">Donn\u00e9es d'entr\u00e9e de batterie<\/b><\/td><\/tr><tr><td>Type de batterie : Plomb-acide ou Li-ion<\/td><\/tr><tr><td>Plage de tension de la batterie (V) : 40-60V<\/td><\/tr><tr><td>Courant de charge maximal (A) : 190A<\/td><\/tr><tr><td>Courant de d\u00e9charge maximal (A) : 190A<\/td><\/tr><tr><td>Courbe de charge : 3 \u00e9tapes\/\u00c9galisation<\/td><\/tr><tr><td>Capteur de temp\u00e9rature externe : En option<\/td><\/tr><tr><td>Strat\u00e9gie de charge pour batterie au lithium : Auto-adaptation au BMS<\/td><\/tr><tr><td colspan=\"3\"><b class=\"euz_tt\">Donn\u00e9es d'entr\u00e9e de cha\u00eene PV<\/b><\/td><\/tr><tr><td>Puissance d'entr\u00e9e CC maximale (W) : 10400W<\/td><\/tr><tr><td>Tension d'entr\u00e9e PV (V) : 370V (100V-500V)<\/td><\/tr><tr><td>Plage MPPT (V) : 125-425V<\/td><\/tr><tr><td>Tension de d\u00e9marrage (V) : 150V<\/td><\/tr><tr><td>Courant d'entr\u00e9e PV (A) : 22A + 22A<\/td><\/tr><tr><td>Nombre de suiveurs MPPT : 2<\/td><\/tr><tr><td>Nombre de cha\u00eenes par suiveur MPPT : 2+2<\/td><\/tr><tr><td colspan=\"3\"><b class=\"euz_tt\">Donn\u00e9es de sortie CA<\/b><\/td><\/tr><tr><td>Puissance de sortie CA nominale et UPS (W) : 8000W<\/td><\/tr><tr><td>Puissance de sortie CA maximale (W) : 8800W<\/td><\/tr><tr><td>Puissance de cr\u00eate (hors r\u00e9seau) : 2 fois la puissance nominale, 10 s.<\/td><\/tr><tr><td>Courant de sortie CA nominale (A) : 33,4A\/35A<\/td><\/tr><tr><td>Courant de sortie CA maximal (A) : 36,7A\/38,5A<\/td><\/tr><tr><td>Passage CA continu maximal (A) : 50A<\/td><\/tr><tr><td>Fr\u00e9quence et tension de sortie : 50\/60Hz ; 120\/240Vac (phase divis\u00e9e), 208Vac (2\/3 phases), 230Vac (monophas\u00e9)<\/td><\/tr><tr><td>Type de r\u00e9seau : THD&lt;3% (Charge lin\u00e9aire&lt;1,5%)<\/td><\/tr><tr><td>Distorsion harmonique du courant : THD&lt;3% (Charge lin\u00e9aire&lt;1,5%)<\/td><\/tr><tr><td colspan=\"3\"><b class=\"euz_tt\">Efficacit\u00e9<\/b><\/td><\/tr><tr><td>Efficacit\u00e9 maximale : 97,60%<\/td><\/tr><tr><td>Efficacit\u00e9 Euro : 97,00%<\/td><\/tr><tr><td>Efficacit\u00e9 MPPT : 99,90%<\/td><\/tr><tr><td colspan=\"3\"><b class=\"euz_tt\">Protection<\/b><\/td><\/tr><tr><td>D\u00e9tection de d\u00e9faut d'arc PV : Int\u00e9gr\u00e9e (sauf type europ\u00e9en)<\/td><\/tr><tr><td>Protection contre la foudre en entr\u00e9e PV : Int\u00e9gr\u00e9e<\/td><\/tr><tr><td>Protection anti-islanding : Int\u00e9gr\u00e9e<\/td><\/tr><tr><td>Protection contre la polarit\u00e9 invers\u00e9e de l'entr\u00e9e de cha\u00eene PV : Int\u00e9gr\u00e9e<\/td><\/tr><tr><td>Insulation Resistor Detection: Integrated<\/td><\/tr><tr><td>D\u00e9tection de r\u00e9sistance d'isolation : Int\u00e9gr\u00e9e<\/td><\/tr><tr><td>Unit\u00e9 de surveillance de courant r\u00e9siduel : Int\u00e9gr\u00e9e<\/td><\/tr><tr><td>Protection contre le courant de sortie excessif : Int\u00e9gr\u00e9e<\/td><\/tr><tr><td>Protection en cas de court-circuit de sortie : Int\u00e9gr\u00e9e<\/td><\/tr><tr><td colspan=\"3\"><b class=\"euz_tt\">Certifications et normes<\/b><\/td><\/tr><tr><td>R\u00e9gulation du r\u00e9seau : UL1741, IEEE1547, RULE21, VDE0126, AS4777, NRS2017, G98, G99, IEC61683, IEC62116, IE61727<\/td><\/tr><tr><td>R\u00e9gulation de s\u00e9curit\u00e9 : IEC62109-1, IEC62109-2<\/td><\/tr><tr><td>EMC: EN61000-6-1, EN61000-6-3, FCC 15 class B<\/td><\/tr><tr><td colspan=\"3\"><b class=\"euz_tt\">Donn\u00e9es g\u00e9n\u00e9rales<\/b><\/td><\/tr><tr><td>Plage de temp\u00e9rature de fonctionnement (\u00b0C) : -25\u201460\u00b0C, D\u00e9classement &gt;45\u00b0C<\/td><\/tr><tr><td>Refroidissement : Ventilateur<\/td><\/tr><tr><td>Niveau sonore (dB) : &lt;30<\/td><\/tr><tr><td>Communication avec le BMS : RS485 ; CAN<\/td><\/tr><tr><td>Poids (kg) : 32<\/td><\/tr><tr><td>Taille (mm) : 680 x 4200 x 233mm<\/td><\/tr><tr><td>Indice de protection : IP65<\/td><\/tr><tr><td>Style d'installation : Montage mural<\/td><\/tr><tr><td>Garantie : 5 ans<\/td><\/tr><\/tbody><\/table><\/div>\n\t\t\t\t<\/div>\n\t\t\t\t\t\t\t\t<\/div>\n\t\t\t\t<\/div>\n\t\t\t\t<\/div>\n\t\t\t\t<div class=\"elementor-element elementor-element-540f067 elementor-align-center deye cspt-btn-color-globalcolor cspt-btn-style-flat cspt-btn-shape-square elementor-widget elementor-widget-button\" data-id=\"540f067\" data-element_type=\"widget\" data-widget_type=\"button.default\">\n\t\t\t\t<div class=\"elementor-widget-container\">\n\t\t\t\t\t<div class=\"elementor-button-wrapper\">\n\t\t\t<a class=\"elementor-button elementor-button-link elementor-size-sm\" href=\"#\">\n\t\t\t\t\t\t<span class=\"elementor-button-content-wrapper\">\n\t\t\t\t\t\t<span class=\"elementor-button-text\">PRODUIT D'ENQU\u00caTE<\/span>\n\t\t<\/span>\n\t\t\t\t\t<\/a>\n\t\t<\/div>\n\t\t\t\t<\/div>\n\t\t\t\t<\/div>\n\t\t\t\t\t<\/div>\n\t\t<\/div>\n\t\t\t\t\t<\/div>\n\t\t<\/section>\n\t\t\t\t<section class=\"elementor-section elementor-top-section elementor-element elementor-element-5821762 cspt-col-stretched-none cspt-bg-color-over-image elementor-section-boxed elementor-section-height-default elementor-section-height-default\" data-id=\"5821762\" data-element_type=\"section\">\n\t\t\t\t\t\t<div class=\"elementor-container elementor-column-gap-default\">\n\t\t\t\t\t<div class=\"elementor-column elementor-col-100 elementor-top-column elementor-element elementor-element-2e39be9 cspt-bg-color-over-image\" data-id=\"2e39be9\" data-element_type=\"column\">\n\t\t\t<div class=\"elementor-widget-wrap elementor-element-populated\">\n\t\t\t\t\t\t<div class=\"elementor-element elementor-element-67d7048 elementor-widget elementor-widget-spacer\" data-id=\"67d7048\" data-element_type=\"widget\" data-widget_type=\"spacer.default\">\n\t\t\t\t<div class=\"elementor-widget-container\">\n\t\t\t\t\t<div class=\"elementor-spacer\">\n\t\t\t<div class=\"elementor-spacer-inner\"><\/div>\n\t\t<\/div>\n\t\t\t\t<\/div>\n\t\t\t\t<\/div>\n\t\t\t\t\t<\/div>\n\t\t<\/div>\n\t\t\t\t\t<\/div>\n\t\t<\/section>\n\t\t\t\t<\/div>","protected":false},"excerpt":{"rendered":"<p>NEED HELP Our Client care managers are on call 24\/7 to answer your questions representative or submit a business inquiry online. +243893276604 DOWNLOAD Download PDF DEYE inverter 8KW HYBRID Includes: Wi-Fi Dongle + BMS Communication Cable. Higer yields.Improve self-consumption ratio up to 80%, reducing your electricity bill.DC\/AC ratio up to 1.3, completely suitable for double-side PV modular.Two MPPT design, Max. efficiency of 97.6%. \u00a0 Product Features User-friendly LCD Touch screen[&hellip;]<\/p>","protected":false},"author":1,"featured_media":0,"parent":0,"menu_order":0,"comment_status":"closed","ping_status":"closed","template":"elementor_header_footer","meta":{"_acf_changed":false,"footnotes":""},"class_list":["post-501","page","type-page","status-publish","hentry"],"acf":[],"_links":{"self":[{"href":"https:\/\/reflectionsolaire.com\/fr\/wp-json\/wp\/v2\/pages\/501"}],"collection":[{"href":"https:\/\/reflectionsolaire.com\/fr\/wp-json\/wp\/v2\/pages"}],"about":[{"href":"https:\/\/reflectionsolaire.com\/fr\/wp-json\/wp\/v2\/types\/page"}],"author":[{"embeddable":true,"href":"https:\/\/reflectionsolaire.com\/fr\/wp-json\/wp\/v2\/users\/1"}],"replies":[{"embeddable":true,"href":"https:\/\/reflectionsolaire.com\/fr\/wp-json\/wp\/v2\/comments?post=501"}],"version-history":[{"count":19,"href":"https:\/\/reflectionsolaire.com\/fr\/wp-json\/wp\/v2\/pages\/501\/revisions"}],"predecessor-version":[{"id":686,"href":"https:\/\/reflectionsolaire.com\/fr\/wp-json\/wp\/v2\/pages\/501\/revisions\/686"}],"wp:attachment":[{"href":"https:\/\/reflectionsolaire.com\/fr\/wp-json\/wp\/v2\/media?parent=501"}],"curies":[{"name":"wp","href":"https:\/\/api.w.org\/{rel}","templated":true}]}}