{"id":347,"date":"2024-04-05T07:56:41","date_gmt":"2024-04-05T07:56:41","guid":{"rendered":"https:\/\/reflection2.host-botics.net\/?page_id=347"},"modified":"2024-04-05T08:16:38","modified_gmt":"2024-04-05T08:16:38","slug":"our-work","status":"publish","type":"page","link":"https:\/\/reflectionsolaire.com\/fr\/our-work\/","title":{"rendered":"Notre Travail"},"content":{"rendered":"<div data-elementor-type=\"wp-page\" data-elementor-id=\"347\" class=\"elementor elementor-347\" data-elementor-post-type=\"page\">\n\t\t\t\t\t\t<section class=\"elementor-section elementor-top-section elementor-element elementor-element-34149e0 cspt-col-stretched-none cspt-bg-color-over-image elementor-section-boxed elementor-section-height-default elementor-section-height-default\" data-id=\"34149e0\" data-element_type=\"section\">\n\t\t\t\t\t\t<div class=\"elementor-container elementor-column-gap-default\">\n\t\t\t\t\t<div class=\"elementor-column elementor-col-100 elementor-top-column elementor-element elementor-element-da99813 cspt-bg-color-over-image\" data-id=\"da99813\" data-element_type=\"column\">\n\t\t\t<div class=\"elementor-widget-wrap elementor-element-populated\">\n\t\t\t\t\t\t<div class=\"elementor-element elementor-element-cd56f73 elementor-widget elementor-widget-spacer\" data-id=\"cd56f73\" data-element_type=\"widget\" data-widget_type=\"spacer.default\">\n\t\t\t\t<div class=\"elementor-widget-container\">\n\t\t\t\t\t<div class=\"elementor-spacer\">\n\t\t\t<div class=\"elementor-spacer-inner\"><\/div>\n\t\t<\/div>\n\t\t\t\t<\/div>\n\t\t\t\t<\/div>\n\t\t\t\t\t<\/div>\n\t\t<\/div>\n\t\t\t\t\t<\/div>\n\t\t<\/section>\n\t\t\t\t<section class=\"elementor-section elementor-top-section elementor-element elementor-element-bbe82e0 cspt-col-stretched-none cspt-bg-color-over-image elementor-section-boxed elementor-section-height-default elementor-section-height-default\" data-id=\"bbe82e0\" data-element_type=\"section\">\n\t\t\t\t\t\t<div class=\"elementor-container elementor-column-gap-default\">\n\t\t\t\t\t<div class=\"elementor-column elementor-col-33 elementor-top-column elementor-element elementor-element-7206e69 cspt-bg-color-over-image\" data-id=\"7206e69\" data-element_type=\"column\">\n\t\t\t<div class=\"elementor-widget-wrap elementor-element-populated\">\n\t\t\t\t\t\t<div class=\"elementor-element elementor-element-f8d9342 elementor-position-top elementor-widget elementor-widget-image-box\" data-id=\"f8d9342\" data-element_type=\"widget\" data-widget_type=\"image-box.default\">\n\t\t\t\t<div class=\"elementor-widget-container\">\n\t\t\t<div class=\"elementor-image-box-wrapper\"><figure class=\"elementor-image-box-img\"><a href=\"https:\/\/reflectionsolaire.com\/fr\/full-solar-system-installation\/\" tabindex=\"-1\"><img fetchpriority=\"high\" decoding=\"async\" width=\"500\" height=\"250\" src=\"https:\/\/reflectionsolaire.com\/wp-content\/uploads\/2024\/04\/ourwork1-1.webp\" class=\"attachment-full size-full wp-image-349\" alt=\"\" srcset=\"https:\/\/reflectionsolaire.com\/wp-content\/uploads\/2024\/04\/ourwork1-1.webp 500w, https:\/\/reflectionsolaire.com\/wp-content\/uploads\/2024\/04\/ourwork1-1-300x150.webp 300w\" sizes=\"(max-width: 500px) 100vw, 500px\" data-id=\"349\" \/><\/a><\/figure><div class=\"elementor-image-box-content\"><h3 class=\"elementor-image-box-title\"><a href=\"https:\/\/reflectionsolaire.com\/fr\/full-solar-system-installation\/\">Installation compl\u00e8te du syst\u00e8me solaire<\/a><\/h3><p class=\"elementor-image-box-description\">Nous proposons des services d'installation de syst\u00e8mes solaires experts. Notre processus simplifi\u00e9 commence par...<\/p><\/div><\/div>\t\t<\/div>\n\t\t\t\t<\/div>\n\t\t\t\t\t<\/div>\n\t\t<\/div>\n\t\t\t\t<div class=\"elementor-column elementor-col-33 elementor-top-column elementor-element elementor-element-79255c5 cspt-bg-color-over-image\" data-id=\"79255c5\" data-element_type=\"column\">\n\t\t\t<div class=\"elementor-widget-wrap elementor-element-populated\">\n\t\t\t\t\t\t<div class=\"elementor-element elementor-element-a8b076d elementor-position-top elementor-widget elementor-widget-image-box\" data-id=\"a8b076d\" data-element_type=\"widget\" data-widget_type=\"image-box.default\">\n\t\t\t\t<div class=\"elementor-widget-container\">\n\t\t\t<div class=\"elementor-image-box-wrapper\"><figure class=\"elementor-image-box-img\"><a href=\"https:\/\/reflectionsolaire.com\/fr\/panel-boards-for-solar-protection-and-transferring\/\" tabindex=\"-1\"><img decoding=\"async\" width=\"500\" height=\"250\" src=\"https:\/\/reflectionsolaire.com\/wp-content\/uploads\/2024\/04\/ourwork2-1.webp\" class=\"attachment-full size-full wp-image-350\" alt=\"\" srcset=\"https:\/\/reflectionsolaire.com\/wp-content\/uploads\/2024\/04\/ourwork2-1.webp 500w, https:\/\/reflectionsolaire.com\/wp-content\/uploads\/2024\/04\/ourwork2-1-300x150.webp 300w\" sizes=\"(max-width: 500px) 100vw, 500px\" data-id=\"350\" \/><\/a><\/figure><div class=\"elementor-image-box-content\"><h3 class=\"elementor-image-box-title\"><a href=\"https:\/\/reflectionsolaire.com\/fr\/panel-boards-for-solar-protection-and-transferring\/\">Tableaux de protection et de transfert solaire<\/a><\/h3><p class=\"elementor-image-box-description\">Pr\u00e9sentation de nos Tableaux de Panneaux Solaires - les gardiens de votre investissement solaire, garantissant la s\u00e9curit\u00e9 et...<\/p><\/div><\/div>\t\t<\/div>\n\t\t\t\t<\/div>\n\t\t\t\t\t<\/div>\n\t\t<\/div>\n\t\t\t\t<div class=\"elementor-column elementor-col-33 elementor-top-column elementor-element elementor-element-632611f cspt-bg-color-over-image\" data-id=\"632611f\" data-element_type=\"column\">\n\t\t\t<div class=\"elementor-widget-wrap elementor-element-populated\">\n\t\t\t\t\t\t<div class=\"elementor-element elementor-element-f99a3f0 elementor-position-top elementor-widget elementor-widget-image-box\" data-id=\"f99a3f0\" data-element_type=\"widget\" data-widget_type=\"image-box.default\">\n\t\t\t\t<div class=\"elementor-widget-container\">\n\t\t\t<div class=\"elementor-image-box-wrapper\"><figure class=\"elementor-image-box-img\"><a href=\"https:\/\/reflectionsolaire.com\/fr\/ats-panels-installation\/\" tabindex=\"-1\"><img decoding=\"async\" width=\"500\" height=\"250\" src=\"https:\/\/reflectionsolaire.com\/wp-content\/uploads\/2024\/04\/ourwork3-1.webp\" class=\"attachment-full size-full wp-image-351\" alt=\"\" srcset=\"https:\/\/reflectionsolaire.com\/wp-content\/uploads\/2024\/04\/ourwork3-1.webp 500w, https:\/\/reflectionsolaire.com\/wp-content\/uploads\/2024\/04\/ourwork3-1-300x150.webp 300w\" sizes=\"(max-width: 500px) 100vw, 500px\" data-id=\"351\" \/><\/a><\/figure><div class=\"elementor-image-box-content\"><h3 class=\"elementor-image-box-title\"><a href=\"https:\/\/reflectionsolaire.com\/fr\/ats-panels-installation\/\">Installation de panneaux ATS<\/a><\/h3><p class=\"elementor-image-box-description\">Reflection Solaire ofrece soluciones integrales llave en mano que consisten en generadores, UPSs ...<\/p><\/div><\/div>\t\t<\/div>\n\t\t\t\t<\/div>\n\t\t\t\t\t<\/div>\n\t\t<\/div>\n\t\t\t\t\t<\/div>\n\t\t<\/section>\n\t\t\t\t<section class=\"elementor-section elementor-top-section elementor-element elementor-element-17bed42 cspt-col-stretched-none cspt-bg-color-over-image elementor-section-boxed elementor-section-height-default elementor-section-height-default\" data-id=\"17bed42\" data-element_type=\"section\">\n\t\t\t\t\t\t<div class=\"elementor-container elementor-column-gap-default\">\n\t\t\t\t\t<div class=\"elementor-column elementor-col-100 elementor-top-column elementor-element elementor-element-5e97a25 cspt-bg-color-over-image\" data-id=\"5e97a25\" data-element_type=\"column\">\n\t\t\t<div class=\"elementor-widget-wrap elementor-element-populated\">\n\t\t\t\t\t\t<div class=\"elementor-element elementor-element-cb4ae81 elementor-widget elementor-widget-spacer\" data-id=\"cb4ae81\" data-element_type=\"widget\" data-widget_type=\"spacer.default\">\n\t\t\t\t<div class=\"elementor-widget-container\">\n\t\t\t\t\t<div class=\"elementor-spacer\">\n\t\t\t<div class=\"elementor-spacer-inner\"><\/div>\n\t\t<\/div>\n\t\t\t\t<\/div>\n\t\t\t\t<\/div>\n\t\t\t\t\t<\/div>\n\t\t<\/div>\n\t\t\t\t\t<\/div>\n\t\t<\/section>\n\t\t\t\t<\/div>","protected":false},"excerpt":{"rendered":"<p>Full Solar System Installation We offer expert solar system installation services. Our streamlined process begins with &#8230; Panel Boards for Solar Protection &#038; Transferring Introducing our Solar Panel Boards \u2013 the guardians of your solar investment, ensuring safety and &#8230; ATS Panels Installation Reflection Solaire provides complete turnkey solutions consisting of generators, UPSs &#8230;<\/p>","protected":false},"author":1,"featured_media":0,"parent":0,"menu_order":0,"comment_status":"closed","ping_status":"closed","template":"elementor_header_footer","meta":{"_acf_changed":false,"footnotes":""},"class_list":["post-347","page","type-page","status-publish","hentry"],"acf":[],"_links":{"self":[{"href":"https:\/\/reflectionsolaire.com\/fr\/wp-json\/wp\/v2\/pages\/347"}],"collection":[{"href":"https:\/\/reflectionsolaire.com\/fr\/wp-json\/wp\/v2\/pages"}],"about":[{"href":"https:\/\/reflectionsolaire.com\/fr\/wp-json\/wp\/v2\/types\/page"}],"author":[{"embeddable":true,"href":"https:\/\/reflectionsolaire.com\/fr\/wp-json\/wp\/v2\/users\/1"}],"replies":[{"embeddable":true,"href":"https:\/\/reflectionsolaire.com\/fr\/wp-json\/wp\/v2\/comments?post=347"}],"version-history":[{"count":13,"href":"https:\/\/reflectionsolaire.com\/fr\/wp-json\/wp\/v2\/pages\/347\/revisions"}],"predecessor-version":[{"id":368,"href":"https:\/\/reflectionsolaire.com\/fr\/wp-json\/wp\/v2\/pages\/347\/revisions\/368"}],"wp:attachment":[{"href":"https:\/\/reflectionsolaire.com\/fr\/wp-json\/wp\/v2\/media?parent=347"}],"curies":[{"name":"wp","href":"https:\/\/api.w.org\/{rel}","templated":true}]}}