{"id":337,"date":"2024-04-05T07:48:08","date_gmt":"2024-04-05T07:48:08","guid":{"rendered":"https:\/\/reflection2.host-botics.net\/?page_id=337"},"modified":"2024-04-13T11:06:56","modified_gmt":"2024-04-13T11:06:56","slug":"ats-panels-installation","status":"publish","type":"page","link":"https:\/\/reflectionsolaire.com\/fr\/ats-panels-installation\/","title":{"rendered":"Installation de panneaux ATS"},"content":{"rendered":"<div data-elementor-type=\"wp-page\" data-elementor-id=\"337\" class=\"elementor elementor-337\" data-elementor-post-type=\"page\">\n\t\t\t\t\t\t<section class=\"elementor-section elementor-top-section elementor-element elementor-element-0146fca cspt-col-stretched-none cspt-bg-color-over-image elementor-section-boxed elementor-section-height-default elementor-section-height-default\" data-id=\"0146fca\" data-element_type=\"section\">\n\t\t\t\t\t\t<div class=\"elementor-container elementor-column-gap-default\">\n\t\t\t\t\t<div class=\"elementor-column elementor-col-100 elementor-top-column elementor-element elementor-element-4bf4735 cspt-bg-color-over-image\" data-id=\"4bf4735\" data-element_type=\"column\">\n\t\t\t<div class=\"elementor-widget-wrap elementor-element-populated\">\n\t\t\t\t\t\t<div class=\"elementor-element elementor-element-3bbd48e elementor-widget elementor-widget-spacer\" data-id=\"3bbd48e\" data-element_type=\"widget\" data-widget_type=\"spacer.default\">\n\t\t\t\t<div class=\"elementor-widget-container\">\n\t\t\t\t\t<div class=\"elementor-spacer\">\n\t\t\t<div class=\"elementor-spacer-inner\"><\/div>\n\t\t<\/div>\n\t\t\t\t<\/div>\n\t\t\t\t<\/div>\n\t\t\t\t\t<\/div>\n\t\t<\/div>\n\t\t\t\t\t<\/div>\n\t\t<\/section>\n\t\t\t\t<section class=\"elementor-section elementor-top-section elementor-element elementor-element-78094ae cspt-col-stretched-none cspt-bg-color-over-image elementor-section-boxed elementor-section-height-default elementor-section-height-default\" data-id=\"78094ae\" data-element_type=\"section\">\n\t\t\t\t\t\t<div class=\"elementor-container elementor-column-gap-default\">\n\t\t\t\t\t<div class=\"elementor-column elementor-col-50 elementor-top-column elementor-element elementor-element-8a57158 cspt-bg-color-over-image\" data-id=\"8a57158\" data-element_type=\"column\">\n\t\t\t<div class=\"elementor-widget-wrap elementor-element-populated\">\n\t\t\t\t\t\t<div class=\"elementor-element elementor-element-038823e elementor-arrows-position-inside elementor-pagination-position-outside elementor-widget elementor-widget-image-carousel\" data-id=\"038823e\" data-element_type=\"widget\" data-settings=\"{&quot;slides_to_show&quot;:&quot;1&quot;,&quot;effect&quot;:&quot;fade&quot;,&quot;navigation&quot;:&quot;both&quot;,&quot;autoplay&quot;:&quot;yes&quot;,&quot;pause_on_hover&quot;:&quot;yes&quot;,&quot;pause_on_interaction&quot;:&quot;yes&quot;,&quot;autoplay_speed&quot;:5000,&quot;infinite&quot;:&quot;yes&quot;,&quot;speed&quot;:500}\" data-widget_type=\"image-carousel.default\">\n\t\t\t\t<div class=\"elementor-widget-container\">\n\t\t\t\t\t<div class=\"elementor-image-carousel-wrapper swiper\" dir=\"ltr\">\n\t\t\t<div class=\"elementor-image-carousel swiper-wrapper\" aria-live=\"off\">\n\t\t\t\t\t\t\t\t<div class=\"swiper-slide\" role=\"group\" aria-roledescription=\"slide\" aria-label=\"1 sur 5\"><figure class=\"swiper-slide-inner\"><img decoding=\"async\" class=\"swiper-slide-image\" src=\"https:\/\/reflectionsolaire.com\/wp-content\/uploads\/2024\/04\/workdetail_3a.webp\" alt=\"workdetail_3a\" \/><\/figure><\/div><div class=\"swiper-slide\" role=\"group\" aria-roledescription=\"slide\" aria-label=\"2 sur 5\"><figure class=\"swiper-slide-inner\"><img decoding=\"async\" class=\"swiper-slide-image\" src=\"https:\/\/reflectionsolaire.com\/wp-content\/uploads\/2024\/04\/workdetail_3e.webp\" alt=\"workdetail_3e\" \/><\/figure><\/div><div class=\"swiper-slide\" role=\"group\" aria-roledescription=\"slide\" aria-label=\"3 sur 5\"><figure class=\"swiper-slide-inner\"><img decoding=\"async\" class=\"swiper-slide-image\" src=\"https:\/\/reflectionsolaire.com\/wp-content\/uploads\/2024\/04\/workdetail_3d.webp\" alt=\"workdetail_3d\" \/><\/figure><\/div><div class=\"swiper-slide\" role=\"group\" aria-roledescription=\"slide\" aria-label=\"4 sur 5\"><figure class=\"swiper-slide-inner\"><img decoding=\"async\" class=\"swiper-slide-image\" src=\"https:\/\/reflectionsolaire.com\/wp-content\/uploads\/2024\/04\/workdetail_3c.webp\" alt=\"workdetail_3c\" \/><\/figure><\/div><div class=\"swiper-slide\" role=\"group\" aria-roledescription=\"slide\" aria-label=\"5 sur 5\"><figure class=\"swiper-slide-inner\"><img decoding=\"async\" class=\"swiper-slide-image\" src=\"https:\/\/reflectionsolaire.com\/wp-content\/uploads\/2024\/04\/workdetail_3b.webp\" alt=\"workdetail_3b\" \/><\/figure><\/div>\t\t\t<\/div>\n\t\t\t\t\t\t\t\t\t\t\t\t<div class=\"elementor-swiper-button elementor-swiper-button-prev\" role=\"button\" tabindex=\"0\">\n\t\t\t\t\t\t<i aria-hidden=\"true\" class=\"eicon-chevron-left\"><\/i>\t\t\t\t\t<\/div>\n\t\t\t\t\t<div class=\"elementor-swiper-button elementor-swiper-button-next\" role=\"button\" tabindex=\"0\">\n\t\t\t\t\t\t<i aria-hidden=\"true\" class=\"eicon-chevron-right\"><\/i>\t\t\t\t\t<\/div>\n\t\t\t\t\n\t\t\t\t\t\t\t\t\t<div class=\"swiper-pagination\"><\/div>\n\t\t\t\t\t\t\t\t\t<\/div>\n\t\t\t\t<\/div>\n\t\t\t\t<\/div>\n\t\t\t\t\t<\/div>\n\t\t<\/div>\n\t\t\t\t<div class=\"elementor-column elementor-col-50 elementor-top-column elementor-element elementor-element-c0b0d69 cspt-bg-color-over-image\" data-id=\"c0b0d69\" data-element_type=\"column\">\n\t\t\t<div class=\"elementor-widget-wrap elementor-element-populated\">\n\t\t\t\t\t\t<div class=\"elementor-element elementor-element-ae2458d elementor-widget elementor-widget-text-editor\" data-id=\"ae2458d\" data-element_type=\"widget\" data-widget_type=\"text-editor.default\">\n\t\t\t\t<div class=\"elementor-widget-container\">\n\t\t\t\t\t\t\t<div class=\"container-fluid\"><div class=\"row\"><div class=\"container\"><div class=\"row my-5\"><div class=\"col-md-6\"><div class=\"row\"><div class=\"col-md-12\"><p class=\"text-justify\">Reflection Solaire propose des solutions cl\u00e9s en main compl\u00e8tes comprenant des g\u00e9n\u00e9rateurs, des onduleurs (UPS) et des panneaux ATS, con\u00e7ues selon vos besoins. Nous concevons et fabriquons nos propres panneaux ATS, souvent dans le cadre d'une solution cl\u00e9 en main de secours en cas de panne qui relie un commutateur de transfert automatique, l'\u00e9lectricit\u00e9 principale, le solaire et les g\u00e9n\u00e9rateurs de secours avec une surveillance \u00e0 distance et des fonctionnalit\u00e9s de s\u00e9curit\u00e9 associ\u00e9es.<\/p><\/div><\/div><\/div><\/div><\/div><\/div><\/div><p class=\"text-justify\">\u00a0<\/p>\t\t\t\t\t\t<\/div>\n\t\t\t\t<\/div>\n\t\t\t\t<div class=\"elementor-element elementor-element-5cb5106 elementor-align-center elementor-widget elementor-widget-lottie\" data-id=\"5cb5106\" data-element_type=\"widget\" data-settings=\"{&quot;source&quot;:&quot;external_url&quot;,&quot;source_external_url&quot;:{&quot;url&quot;:&quot;https:\\\/\\\/lottie.host\\\/bc78c594-ae30-4408-a1e9-19953adf8e39\\\/0RzkXWmGIS.json&quot;,&quot;is_external&quot;:&quot;&quot;,&quot;nofollow&quot;:&quot;&quot;,&quot;custom_attributes&quot;:&quot;&quot;},&quot;link_to&quot;:&quot;none&quot;,&quot;trigger&quot;:&quot;arriving_to_viewport&quot;,&quot;viewport&quot;:{&quot;unit&quot;:&quot;%&quot;,&quot;size&quot;:&quot;&quot;,&quot;sizes&quot;:{&quot;start&quot;:0,&quot;end&quot;:100}},&quot;play_speed&quot;:{&quot;unit&quot;:&quot;px&quot;,&quot;size&quot;:1,&quot;sizes&quot;:[]},&quot;start_point&quot;:{&quot;unit&quot;:&quot;%&quot;,&quot;size&quot;:0,&quot;sizes&quot;:[]},&quot;end_point&quot;:{&quot;unit&quot;:&quot;%&quot;,&quot;size&quot;:100,&quot;sizes&quot;:[]},&quot;renderer&quot;:&quot;svg&quot;}\" data-widget_type=\"lottie.default\">\n\t\t\t\t<div class=\"elementor-widget-container\">\n\t\t\t<div class=\"e-lottie__container\"><div class=\"e-lottie__animation\"><\/div><\/div>\t\t<\/div>\n\t\t\t\t<\/div>\n\t\t\t\t\t<\/div>\n\t\t<\/div>\n\t\t\t\t\t<\/div>\n\t\t<\/section>\n\t\t\t\t<\/div>","protected":false},"excerpt":{"rendered":"<p>Reflection Solaire propose des solutions cl\u00e9s en main compl\u00e8tes comprenant des g\u00e9n\u00e9rateurs, des onduleurs (UPS) et des panneaux ATS, con\u00e7ues selon vos besoins. Nous concevons et fabriquons nos propres panneaux ATS, souvent dans le cadre d'une solution cl\u00e9 en main de secours en cas de panne qui relie un commutateur de transfert automatique, l'\u00e9lectricit\u00e9 principale, le solaire et les g\u00e9n\u00e9rateurs de secours avec une surveillance \u00e0 distance et des fonctionnalit\u00e9s de s\u00e9curit\u00e9 associ\u00e9es. \u00a0<\/p>","protected":false},"author":1,"featured_media":0,"parent":0,"menu_order":0,"comment_status":"closed","ping_status":"closed","template":"elementor_header_footer","meta":{"_acf_changed":false,"footnotes":""},"class_list":["post-337","page","type-page","status-publish","hentry"],"acf":[],"_links":{"self":[{"href":"https:\/\/reflectionsolaire.com\/fr\/wp-json\/wp\/v2\/pages\/337"}],"collection":[{"href":"https:\/\/reflectionsolaire.com\/fr\/wp-json\/wp\/v2\/pages"}],"about":[{"href":"https:\/\/reflectionsolaire.com\/fr\/wp-json\/wp\/v2\/types\/page"}],"author":[{"embeddable":true,"href":"https:\/\/reflectionsolaire.com\/fr\/wp-json\/wp\/v2\/users\/1"}],"replies":[{"embeddable":true,"href":"https:\/\/reflectionsolaire.com\/fr\/wp-json\/wp\/v2\/comments?post=337"}],"version-history":[{"count":10,"href":"https:\/\/reflectionsolaire.com\/fr\/wp-json\/wp\/v2\/pages\/337\/revisions"}],"predecessor-version":[{"id":763,"href":"https:\/\/reflectionsolaire.com\/fr\/wp-json\/wp\/v2\/pages\/337\/revisions\/763"}],"wp:attachment":[{"href":"https:\/\/reflectionsolaire.com\/fr\/wp-json\/wp\/v2\/media?parent=337"}],"curies":[{"name":"wp","href":"https:\/\/api.w.org\/{rel}","templated":true}]}}