{"id":293,"date":"2024-04-04T20:33:05","date_gmt":"2024-04-04T20:33:05","guid":{"rendered":"https:\/\/reflection2.host-botics.net\/?page_id=293"},"modified":"2024-04-04T23:17:52","modified_gmt":"2024-04-04T23:17:52","slug":"maintenance","status":"publish","type":"page","link":"https:\/\/reflectionsolaire.com\/fr\/maintenance\/","title":{"rendered":"Entretien"},"content":{"rendered":"<div data-elementor-type=\"wp-page\" data-elementor-id=\"293\" class=\"elementor elementor-293\" data-elementor-post-type=\"page\">\n\t\t\t\t\t\t<section class=\"elementor-section elementor-top-section elementor-element elementor-element-f09604a cspt-col-stretched-none cspt-bg-color-over-image elementor-section-boxed elementor-section-height-default elementor-section-height-default\" data-id=\"f09604a\" data-element_type=\"section\">\n\t\t\t\t\t\t<div class=\"elementor-container elementor-column-gap-default\">\n\t\t\t\t\t<div class=\"elementor-column elementor-col-100 elementor-top-column elementor-element elementor-element-6f7cb7a cspt-bg-color-over-image\" data-id=\"6f7cb7a\" data-element_type=\"column\">\n\t\t\t<div class=\"elementor-widget-wrap elementor-element-populated\">\n\t\t\t\t\t\t<div class=\"elementor-element elementor-element-0999ef2 cspt-align-left elementor-widget elementor-widget-cspt_multiple_icon_heading\" data-id=\"0999ef2\" data-element_type=\"widget\" data-widget_type=\"cspt_multiple_icon_heading.default\">\n\t\t\t\t<div class=\"elementor-widget-container\">\n\t\t\t<div class=\"creativesplanet-element creativesplanet-element-miconheading cspt-element-miconheading-style-7 creativesplanet-element-viewtype-row-column\" data-show=\"3\" data-columns=\"1\" data-loop=\"false\" data-autoplay=\"false\" data-center=\"false\" data-nav=\"false\" data-dots=\"false\" data-autoplayspeed=\"1000\" data-margin=\"\"><div class=\"creativesplanet-element-inner\">\r\n\t\t<div class=\"cspt-ele-header-area\">\r\n\t\t\t\t<div class=\"cspt-heading-subheading left-align\"><\/div>\t\t<\/div>\r\n\r\n\t\t<div class=\"cspt-element-posts-wrapper row multi-columns-row\">\r\n\r\n\t\t<div class=\"cspt-ele cspt-miconheading-ele col-md-12\"><div class=\"cspt-ihbox cspt-ihbox-style-7\"><div class=\"cspt-ihbox cspt-ihbox-style-\">\r\n\t<div class=\"cspt-ihbox-icon\"><div class=\"cspt-ihbox-icon-wrapper\"><i class=\"fas fa-wrench\"><\/i><\/div><\/div>\t<div class=\"cspt-ihbox-contents\">\r\n\t\t<h2 class=\"cspt-element-title\">\r\n\t\t\t\t\t\t\t\r\n\t\t\t\t\t\t\t\tEntretien\r\n\t\t\t\t\t\t\t\r\n\t\t\t\t\t\t\t<\/h2>\r\n\t\t\t\t\t\t\t\t\t\t<div class=\"cspt-heading-desc\">Dans le cadre de notre contrat de maintenance, notre \u00e9quipe technique effectue deux visites obligatoires par an pour garantir que le processus de collecte d'\u00e9nergie est s\u00fbr et fiable.\n<\/div>\t\t\t<\/div><!-- .cspt-ihbox-contents -->\r\n<\/div>\r\n<\/div><\/div><div class=\"cspt-ele cspt-miconheading-ele col-md-12\"><div class=\"cspt-ihbox cspt-ihbox-style-7\"><div class=\"cspt-ihbox cspt-ihbox-style-\">\r\n\t<div class=\"cspt-ihbox-icon\"><div class=\"cspt-ihbox-icon-wrapper\"><i class=\"fas fa-pencil-ruler\"><\/i><\/div><\/div>\t<div class=\"cspt-ihbox-contents\">\r\n\t\t<h2 class=\"cspt-element-title\">\r\n\t\t\t\t\t\t\t\r\n\t\t\t\t\t\t\t\tComptage Net\r\n\t\t\t\t\t\t\t\r\n\t\t\t\t\t\t\t<\/h2>\r\n\t\t\t\t\t\t\t\t\t\t<div class=\"cspt-heading-desc\">Pendant la journ\u00e9e, la plupart des clients solaires produisent plus d'\u00e9lectricit\u00e9 qu'ils n'en consomment. Le comptage net permet \u00e0 ces clients d'exporter l'exc\u00e8s d'\u00e9lectricit\u00e9 vers le r\u00e9seau et de r\u00e9duire leurs co\u00fbts \u00e9lectriques futurs.\n<\/div>\t\t\t<\/div><!-- .cspt-ihbox-contents -->\r\n<\/div>\r\n<\/div><\/div><div class=\"cspt-ele cspt-miconheading-ele col-md-12\"><div class=\"cspt-ihbox cspt-ihbox-style-7\"><div class=\"cspt-ihbox cspt-ihbox-style-\">\r\n\t<div class=\"cspt-ihbox-icon\"><div class=\"cspt-ihbox-icon-wrapper\"><i class=\"cspt-greenly-icon cspt-greenly-icon-headset\"><\/i><\/div><\/div>\t<div class=\"cspt-ihbox-contents\">\r\n\t\t<h2 class=\"cspt-element-title\">\r\n\t\t\t\t\t\t\t\r\n\t\t\t\t\t\t\t\tCentre d'appels 24h\/24 et 7j\/7\r\n\t\t\t\t\t\t\t\r\n\t\t\t\t\t\t\t<\/h2>\r\n\t\t\t\t\t\t\t\t\t\t<div class=\"cspt-heading-desc\">Notre centre d'appels est ouvert 24h\/24 et 7j\/7 pour recevoir vos plaintes et r\u00e9pondre \u00e0 vos questions ; appelez-nous \u00e0 tout moment.\n<\/div>\t\t\t<\/div><!-- .cspt-ihbox-contents -->\r\n<\/div>\r\n<\/div><\/div>\r\n\t\t<\/div>\r\n\r\n\t\t<\/div><!-- .creativesplanet-element-inner -->   <\/div><!-- .creativesplanet-element -->  \t\t<\/div>\n\t\t\t\t<\/div>\n\t\t\t\t\t<\/div>\n\t\t<\/div>\n\t\t\t\t\t<\/div>\n\t\t<\/section>\n\t\t\t\t<\/div>","protected":false},"excerpt":{"rendered":"<p>Maintenance As part of our maintenance agreement, our technical team conducts two required visits per year to guarantee that the energy harvesting process is secure and reliable. Net Metering During the day, the majority of solar clients create more electricity than they consume. Net metering enables these customers to export excess electricity to the grid and lower their future electric costs. 24\/7 Call Center Our call centre is open 24\/7[&hellip;]<\/p>","protected":false},"author":1,"featured_media":0,"parent":0,"menu_order":0,"comment_status":"closed","ping_status":"closed","template":"elementor_header_footer","meta":{"_acf_changed":false,"footnotes":""},"class_list":["post-293","page","type-page","status-publish","hentry"],"acf":[],"_links":{"self":[{"href":"https:\/\/reflectionsolaire.com\/fr\/wp-json\/wp\/v2\/pages\/293"}],"collection":[{"href":"https:\/\/reflectionsolaire.com\/fr\/wp-json\/wp\/v2\/pages"}],"about":[{"href":"https:\/\/reflectionsolaire.com\/fr\/wp-json\/wp\/v2\/types\/page"}],"author":[{"embeddable":true,"href":"https:\/\/reflectionsolaire.com\/fr\/wp-json\/wp\/v2\/users\/1"}],"replies":[{"embeddable":true,"href":"https:\/\/reflectionsolaire.com\/fr\/wp-json\/wp\/v2\/comments?post=293"}],"version-history":[{"count":7,"href":"https:\/\/reflectionsolaire.com\/fr\/wp-json\/wp\/v2\/pages\/293\/revisions"}],"predecessor-version":[{"id":308,"href":"https:\/\/reflectionsolaire.com\/fr\/wp-json\/wp\/v2\/pages\/293\/revisions\/308"}],"wp:attachment":[{"href":"https:\/\/reflectionsolaire.com\/fr\/wp-json\/wp\/v2\/media?parent=293"}],"curies":[{"name":"wp","href":"https:\/\/api.w.org\/{rel}","templated":true}]}}